{"id":417,"date":"2023-11-26T16:38:17","date_gmt":"2023-11-26T16:38:17","guid":{"rendered":"https:\/\/seargin.xpressbuddy.com\/?page_id=417"},"modified":"2025-07-31T00:22:00","modified_gmt":"2025-07-31T00:22:00","slug":"services","status":"publish","type":"page","link":"https:\/\/seo-morocco.ma\/fr\/services\/","title":{"rendered":"Services"},"content":{"rendered":"<div data-elementor-type=\"wp-page\" data-elementor-id=\"417\" class=\"elementor elementor-417\">\n\t\t\t\t<div class=\"elementor-element elementor-element-309657a e-flex e-con-boxed e-con e-parent\" data-id=\"309657a\" data-element_type=\"container\" data-e-type=\"container\" data-settings=\"{&quot;background_background&quot;:&quot;classic&quot;}\">\n\t\t\t\t\t<div class=\"e-con-inner\">\n\t\t\t\t<div class=\"elementor-element elementor-element-7b72f73 elementor-widget elementor-widget-int-hero-two\" data-id=\"7b72f73\" data-element_type=\"widget\" data-e-type=\"widget\" data-settings=\"{&quot;_animation&quot;:&quot;none&quot;}\" data-widget_type=\"int-hero-two.default\">\n\t\t\t\t<div class=\"elementor-widget-container\">\n\t\t\t\t\t\r\n        <section\r\n                class=\"hero-marketing mr-bg pos-rel d-flex align-items-center\" \">\r\n            <div class=\"container\">\r\n                <div class=\"row align-items-center\">\r\n                    <div class=\"col-lg-6\">\r\n                        <div class=\"mr-hero-content\">\r\n                                                            <span class=\"xb-item--subtitle wow fadeInUp\"\r\n                                      data-wow-duration=\"600ms\"><span> <\/span> Solutions SEO expertes au Maroc pour lib\u00e9rer tout votre potentiel en ligne<\/span>\r\n                                                                                        <h2 class=\"xb-item--title wow fadeInUp\" data-wow-duration=\"600ms\"\r\n                                    data-wow-delay=\"200ms\"><h1>Services SEO complets pour stimuler votre croissance au Maroc<\/h1><\/h2>\r\n                                                                                        <p class=\"xb-item--content mb-50 wow fadeInUp\" data-wow-duration=\"500ms\"\r\n                                   data-wow-delay=\"400ms\">Chez SEO Maroc, nous proposons une gamme compl\u00e8te de services SEO con\u00e7us pour am\u00e9liorer les performances de votre site web, attirer davantage de trafic qualifi\u00e9 et assurer une croissance durable au Maroc. Des audits techniques approfondis \u00e0 l&#039;optimisation strat\u00e9gique du contenu, en passant par des techniques off-page efficaces, notre \u00e9quipe d&#039;experts vous offre l&#039;accompagnement complet dont vous avez besoin pour r\u00e9ussir en ligne.<\/p>\r\n                                                                                <\/div>\r\n                    <\/div>\r\n                    <div class=\"col-lg-6\">\r\n                        <div class=\"mr-hero-img pos-rel\">\r\n                            <div class=\"wow fadeInRight\"\r\n                                 data-wow-delay=\"300ms\"><img fetchpriority=\"high\" decoding=\"async\" width=\"500\" height=\"506\" src=\"https:\/\/seo-morocco.ma\/wp-content\/uploads\/2025\/05\/seo-morocco-services.webp\" class=\"attachment-full size-full\" alt=\"\" srcset=\"https:\/\/seo-morocco.ma\/wp-content\/uploads\/2025\/05\/seo-morocco-services.webp 500w, https:\/\/seo-morocco.ma\/wp-content\/uploads\/2025\/05\/seo-morocco-services-296x300.webp 296w\" sizes=\"(max-width: 500px) 100vw, 500px\" \/><\/div>\r\n                            <div class=\"mr-hero-img-inner\">\r\n                                                                    <div class=\"chart chart--1\">\r\n                                        <div class=\"wow zoomIn\" data-wow-duration=\"600ms\"\r\n                                             data-wow-delay=\"500ms\"><img decoding=\"async\" width=\"99\" height=\"50\" src=\"https:\/\/seo-morocco.ma\/wp-content\/uploads\/2023\/11\/chat2.png\" class=\"attachment-medium size-medium\" alt=\"\" \/><\/div>\r\n                                    <\/div>\r\n                                                                                                                                                                    <div class=\"chart chart--4\">\r\n                                        <div class=\"wow zoomIn\" data-wow-duration=\"600ms\"\r\n                                             data-wow-delay=\"800ms\"><img decoding=\"async\" width=\"99\" height=\"50\" src=\"https:\/\/seo-morocco.ma\/wp-content\/uploads\/2023\/11\/chat3.png\" class=\"attachment-medium size-medium\" alt=\"\" \/><\/div>\r\n                                    <\/div>\r\n                                                            <\/div>\r\n                        <\/div>\r\n                    <\/div>\r\n                <\/div>\r\n            <\/div>\r\n                            <div class=\"mr-hero-shape\">\r\n                    <img loading=\"lazy\" decoding=\"async\" width=\"82\" height=\"79\" src=\"https:\/\/seo-morocco.ma\/wp-content\/uploads\/2023\/11\/mr_shape1.png\" class=\"attachment-medium size-medium\" alt=\"\" \/>                <\/div>\r\n                    <\/section>\r\n        \t\t\t\t<\/div>\n\t\t\t\t<\/div>\n\t\t\t\t\t<\/div>\n\t\t\t\t<\/div>\n\t\t<div class=\"elementor-element elementor-element-ebbd2d6 e-flex e-con-boxed e-con e-parent\" data-id=\"ebbd2d6\" data-element_type=\"container\" data-e-type=\"container\" data-settings=\"{&quot;background_background&quot;:&quot;classic&quot;}\">\n\t\t\t\t\t<div class=\"e-con-inner\">\n\t\t<div class=\"elementor-element elementor-element-c0476b7 e-con-full e-flex e-con e-child\" data-id=\"c0476b7\" data-element_type=\"container\" data-e-type=\"container\">\n\t\t\t\t<div class=\"elementor-element elementor-element-0c55d05 elementor-widget elementor-widget-int-service-v4\" data-id=\"0c55d05\" data-element_type=\"widget\" data-e-type=\"widget\" data-widget_type=\"int-service-v4.default\">\n\t\t\t\t<div class=\"elementor-widget-container\">\n\t\t\t\t\t        <div class=\"lw-service-wrap\">\r\n            <div class=\"row justify-content-center g-0\">\r\n                                    <div class=\"col-xl-3 col-lg-4 col-md-6\">\r\n                        <div class=\"lw-service\">\r\n                            <div class=\"xb-item--inner\">\r\n                                <div class=\"xb-item--holder\">\r\n                                                                            <div class=\"xb-item--icon\">\r\n                                            <img loading=\"lazy\" decoding=\"async\" width=\"68\" height=\"56\" src=\"https:\/\/seo-morocco.ma\/wp-content\/uploads\/2023\/11\/rm_feat3.png\" class=\"attachment-thumbnail size-thumbnail\" alt=\"SEO Maroc - Audit\" \/>                                        <\/div>\r\n                                                                                                                <h3 class=\"xb-item--title\">Audit SEO<\/h3>\r\n                                                                                                                <a class=\"xb-item--link\" href=\"https:\/\/seo-morocco.ma\/fr\/services\/audit-seo\/\">Identifiez vos forces et vos faiblesses. <span><svg xmlns=\"http:\/\/www.w3.org\/2000\/svg\" width=\"15\" height=\"15\" viewbox=\"0 0 15 15\" fill=\"none\"><path d=\"M15 0.999999C15 0.447715 14.5523 -5.74472e-07 14 -8.27353e-07L5 -2.65626e-08C4.44772 -3.63737e-07 4 0.447715 4 1C4 1.55228 4.44772 2 5 2L13 2L13 10C13 10.5523 13.4477 11 14 11C14.5523 11 15 10.5523 15 10L15 0.999999ZM1.70711 14.7071L14.7071 1.70711L13.2929 0.292893L0.292893 13.2929L1.70711 14.7071Z\" fill=\"#7B7B7B\"><\/path><\/svg><\/span><\/a>\r\n                                                                        <a class=\"xb-overlay xb-overlay-link\" href=\"https:\/\/seo-morocco.ma\/fr\/services\/audit-seo\/\"><\/a>\r\n                                <\/div>\r\n                            <\/div>\r\n                        <\/div>\r\n                    <\/div>\r\n                                    <div class=\"col-xl-3 col-lg-4 col-md-6\">\r\n                        <div class=\"lw-service\">\r\n                            <div class=\"xb-item--inner\">\r\n                                <div class=\"xb-item--holder\">\r\n                                                                            <div class=\"xb-item--icon\">\r\n                                            <img loading=\"lazy\" decoding=\"async\" width=\"56\" height=\"56\" src=\"https:\/\/seo-morocco.ma\/wp-content\/uploads\/2025\/05\/Rocket-ship-as-symbol-of-project-launch-3D-illustration-Converted2.png\" class=\"attachment-thumbnail size-thumbnail\" alt=\"\" \/>                                        <\/div>\r\n                                                                                                                <h3 class=\"xb-item--title\">Optimisation sur la page<\/h3>\r\n                                                                                                                <a class=\"xb-item--link\" href=\"https:\/\/seo-morocco.ma\/fr\/services\/optimisation-sur-la-page\/\">Optimisez votre contenu pour les moteurs de recherche. <span><svg xmlns=\"http:\/\/www.w3.org\/2000\/svg\" width=\"15\" height=\"15\" viewbox=\"0 0 15 15\" fill=\"none\"><path d=\"M15 0.999999C15 0.447715 14.5523 -5.74472e-07 14 -8.27353e-07L5 -2.65626e-08C4.44772 -3.63737e-07 4 0.447715 4 1C4 1.55228 4.44772 2 5 2L13 2L13 10C13 10.5523 13.4477 11 14 11C14.5523 11 15 10.5523 15 10L15 0.999999ZM1.70711 14.7071L14.7071 1.70711L13.2929 0.292893L0.292893 13.2929L1.70711 14.7071Z\" fill=\"#7B7B7B\"><\/path><\/svg><\/span><\/a>\r\n                                                                        <a class=\"xb-overlay xb-overlay-link\" href=\"https:\/\/seo-morocco.ma\/fr\/services\/optimisation-sur-la-page\/\"><\/a>\r\n                                <\/div>\r\n                            <\/div>\r\n                        <\/div>\r\n                    <\/div>\r\n                                    <div class=\"col-xl-3 col-lg-4 col-md-6\">\r\n                        <div class=\"lw-service\">\r\n                            <div class=\"xb-item--inner\">\r\n                                <div class=\"xb-item--holder\">\r\n                                                                            <div class=\"xb-item--icon\">\r\n                                            <img loading=\"lazy\" decoding=\"async\" width=\"56\" height=\"56\" src=\"https:\/\/seo-morocco.ma\/wp-content\/uploads\/2025\/05\/vecteezy_3d-rendering-chain-link-symbol-with-two-chains-isolated_95929661epng.png\" class=\"attachment-thumbnail size-thumbnail\" alt=\"\" \/>                                        <\/div>\r\n                                                                                                                <h3 class=\"xb-item--title\">Optimisation hors la page<\/h3>\r\n                                                                                                                <a class=\"xb-item--link\" href=\"https:\/\/seo-morocco.ma\/fr\/services\/optimisation-hors-page\/\">D\u00e9veloppez l\u2019autorit\u00e9 et la confiance au-del\u00e0 de votre site. <span><svg xmlns=\"http:\/\/www.w3.org\/2000\/svg\" width=\"15\" height=\"15\" viewbox=\"0 0 15 15\" fill=\"none\"><path d=\"M15 0.999999C15 0.447715 14.5523 -5.74472e-07 14 -8.27353e-07L5 -2.65626e-08C4.44772 -3.63737e-07 4 0.447715 4 1C4 1.55228 4.44772 2 5 2L13 2L13 10C13 10.5523 13.4477 11 14 11C14.5523 11 15 10.5523 15 10L15 0.999999ZM1.70711 14.7071L14.7071 1.70711L13.2929 0.292893L0.292893 13.2929L1.70711 14.7071Z\" fill=\"#7B7B7B\"><\/path><\/svg><\/span><\/a>\r\n                                                                        <a class=\"xb-overlay xb-overlay-link\" href=\"https:\/\/seo-morocco.ma\/fr\/services\/optimisation-hors-page\/\"><\/a>\r\n                                <\/div>\r\n                            <\/div>\r\n                        <\/div>\r\n                    <\/div>\r\n                            <\/div>\r\n        <\/div>\r\n\r\n        \t\t\t\t<\/div>\n\t\t\t\t<\/div>\n\t\t\t\t<\/div>\n\t\t<div class=\"elementor-element elementor-element-867aeaa e-con-full e-flex e-con e-child\" data-id=\"867aeaa\" data-element_type=\"container\" data-e-type=\"container\">\n\t\t\t\t<div class=\"elementor-element elementor-element-554d111 elementor-widget elementor-widget-int-service-v4\" data-id=\"554d111\" data-element_type=\"widget\" data-e-type=\"widget\" data-widget_type=\"int-service-v4.default\">\n\t\t\t\t<div class=\"elementor-widget-container\">\n\t\t\t\t\t        <div class=\"lw-service-wrap\">\r\n            <div class=\"row justify-content-center g-0\">\r\n                                    <div class=\"col-xl-3 col-lg-4 col-md-6\">\r\n                        <div class=\"lw-service\">\r\n                            <div class=\"xb-item--inner\">\r\n                                <div class=\"xb-item--holder\">\r\n                                                                            <div class=\"xb-item--icon\">\r\n                                            <img loading=\"lazy\" decoding=\"async\" width=\"56\" height=\"56\" src=\"https:\/\/seo-morocco.ma\/wp-content\/uploads\/2025\/05\/seo-morocco-local-5.png\" class=\"attachment-thumbnail size-thumbnail\" alt=\"\" \/>                                        <\/div>\r\n                                                                                                                <h3 class=\"xb-item--title\">SEO local<\/h3>\r\n                                                                                                                <a class=\"xb-item--link\" href=\"https:\/\/seo-morocco.ma\/fr\/services\/referencement-local\/\">Gagner le jeu de la recherche locale. <span><svg xmlns=\"http:\/\/www.w3.org\/2000\/svg\" width=\"15\" height=\"15\" viewbox=\"0 0 15 15\" fill=\"none\"><path d=\"M15 0.999999C15 0.447715 14.5523 -5.74472e-07 14 -8.27353e-07L5 -2.65626e-08C4.44772 -3.63737e-07 4 0.447715 4 1C4 1.55228 4.44772 2 5 2L13 2L13 10C13 10.5523 13.4477 11 14 11C14.5523 11 15 10.5523 15 10L15 0.999999ZM1.70711 14.7071L14.7071 1.70711L13.2929 0.292893L0.292893 13.2929L1.70711 14.7071Z\" fill=\"#7B7B7B\"><\/path><\/svg><\/span><\/a>\r\n                                                                        <a class=\"xb-overlay xb-overlay-link\" href=\"https:\/\/seo-morocco.ma\/fr\/services\/referencement-local\/\"><\/a>\r\n                                <\/div>\r\n                            <\/div>\r\n                        <\/div>\r\n                    <\/div>\r\n                                    <div class=\"col-xl-3 col-lg-4 col-md-6\">\r\n                        <div class=\"lw-service\">\r\n                            <div class=\"xb-item--inner\">\r\n                                <div class=\"xb-item--holder\">\r\n                                                                            <div class=\"xb-item--icon\">\r\n                                            <img loading=\"lazy\" decoding=\"async\" width=\"56\" height=\"56\" src=\"https:\/\/seo-morocco.ma\/wp-content\/uploads\/2025\/05\/rm_feat12.png\" class=\"attachment-thumbnail size-thumbnail\" alt=\"\" \/>                                        <\/div>\r\n                                                                                                                <h3 class=\"xb-item--title\">SEO technique<\/h3>\r\n                                                                                                                <a class=\"xb-item--link\" href=\"https:\/\/seo-morocco.ma\/fr\/services\/referencement-technique\/\">Optimisez l&#039;infrastructure de votre site Web. <span><svg xmlns=\"http:\/\/www.w3.org\/2000\/svg\" width=\"15\" height=\"15\" viewbox=\"0 0 15 15\" fill=\"none\"><path d=\"M15 0.999999C15 0.447715 14.5523 -5.74472e-07 14 -8.27353e-07L5 -2.65626e-08C4.44772 -3.63737e-07 4 0.447715 4 1C4 1.55228 4.44772 2 5 2L13 2L13 10C13 10.5523 13.4477 11 14 11C14.5523 11 15 10.5523 15 10L15 0.999999ZM1.70711 14.7071L14.7071 1.70711L13.2929 0.292893L0.292893 13.2929L1.70711 14.7071Z\" fill=\"#7B7B7B\"><\/path><\/svg><\/span><\/a>\r\n                                                                        <a class=\"xb-overlay xb-overlay-link\" href=\"https:\/\/seo-morocco.ma\/fr\/services\/referencement-technique\/\"><\/a>\r\n                                <\/div>\r\n                            <\/div>\r\n                        <\/div>\r\n                    <\/div>\r\n                            <\/div>\r\n        <\/div>\r\n\r\n        \t\t\t\t<\/div>\n\t\t\t\t<\/div>\n\t\t\t\t<\/div>\n\t\t\t\t\t<\/div>\n\t\t\t\t<\/div>\n\t\t<div class=\"elementor-element elementor-element-6c88f02 e-flex e-con-boxed e-con e-parent\" data-id=\"6c88f02\" data-element_type=\"container\" data-e-type=\"container\" data-settings=\"{&quot;background_background&quot;:&quot;classic&quot;}\">\n\t\t\t\t\t<div class=\"e-con-inner\">\n\t\t\t\t<div class=\"elementor-element elementor-element-2f72c41 elementor-invisible elementor-widget elementor-widget-int-cta-v3\" data-id=\"2f72c41\" data-element_type=\"widget\" data-e-type=\"widget\" data-settings=\"{&quot;_animation&quot;:&quot;fadeInUp&quot;}\" data-widget_type=\"int-cta-v3.default\">\n\t\t\t\t<div class=\"elementor-widget-container\">\n\t\t\t\t\t\r\n        <div class=\"bc-cta__wrap bg_img\" \">\r\n            <div class=\"sec-title sec-title--md sec-title--business mb-25\">\r\n                                    <h2 class=\"title text-50 mb-30\">Pourquoi nous associer pour votre r\u00e9ussite SEO au Maroc ?<\/h2>\r\n                                                    <p>B\u00e9n\u00e9ficiez de notre connaissance approfondie du march\u00e9 marocain <br>et notre \u00e9quipe de professionnels exp\u00e9riment\u00e9s sp\u00e9cialis\u00e9s dans <br>SEO Maroc, d\u00e9di\u00e9 \u00e0 votre r\u00e9ussite en ligne.<\/p>\r\n                            <\/div>\r\n            <div class=\"bc-cta__btn\">\r\n                                    <a class=\"xb-btn xb-btn--business btn-black hover-white\"\r\n                       href=\"http:\/\/wa.me\/212650450050\">\r\n                        <div class=\"btn-anim-wrap\">\r\n                            <span class=\"button-text\">Discutez de vos besoins en mati\u00e8re de r\u00e9f\u00e9rencement<\/span>\r\n                            <span class=\"button-text\">Discutez de vos besoins en mati\u00e8re de r\u00e9f\u00e9rencement<\/span>\r\n                        <\/div>\r\n                    <\/a>\r\n                                                    <a class=\"xb-btn xb-btn--business btn-white hover-black\"\r\n                       href=\"https:\/\/seo-morocco.ma\/fr\/contact\/\">\r\n                        <div class=\"btn-anim-wrap\">\r\n                            <span class=\"button-text\">Demandez une consultation gratuite<\/span>\r\n                            <span class=\"button-text\">Demandez une consultation gratuite<\/span>\r\n                        <\/div>\r\n                    <\/a>\r\n                            <\/div>\r\n                            <div class=\"bc-cta__img\">\r\n                    <img loading=\"lazy\" decoding=\"async\" width=\"417\" height=\"417\" src=\"https:\/\/seo-morocco.ma\/wp-content\/uploads\/2025\/04\/vecteezy_3d-illustration-of-purple-check-mark-on-orange-circle_60118879A-1.png\" class=\"attachment-large size-large\" alt=\"R\u00e9sultats SEO Maroc\" srcset=\"https:\/\/seo-morocco.ma\/wp-content\/uploads\/2025\/04\/vecteezy_3d-illustration-of-purple-check-mark-on-orange-circle_60118879A-1.png 417w, https:\/\/seo-morocco.ma\/wp-content\/uploads\/2025\/04\/vecteezy_3d-illustration-of-purple-check-mark-on-orange-circle_60118879A-1-300x300.png 300w, https:\/\/seo-morocco.ma\/wp-content\/uploads\/2025\/04\/vecteezy_3d-illustration-of-purple-check-mark-on-orange-circle_60118879A-1-100x100.png 100w, https:\/\/seo-morocco.ma\/wp-content\/uploads\/2025\/04\/vecteezy_3d-illustration-of-purple-check-mark-on-orange-circle_60118879A-1-150x150.png 150w\" sizes=\"(max-width: 417px) 100vw, 417px\" \/>                <\/div>\r\n                    <\/div>\r\n        \t\t\t\t<\/div>\n\t\t\t\t<\/div>\n\t\t\t\t\t<\/div>\n\t\t\t\t<\/div>\n\t\t\t\t<section class=\"elementor-section elementor-top-section elementor-element elementor-element-556525ac elementor-section-full_width elementor-section-height-default elementor-section-height-default\" data-id=\"556525ac\" data-element_type=\"section\" data-e-type=\"section\">\n\t\t\t\t\t\t<div class=\"elementor-container elementor-column-gap-no\">\n\t\t\t\t\t<div class=\"elementor-column elementor-col-100 elementor-top-column elementor-element elementor-element-56620599\" data-id=\"56620599\" data-element_type=\"column\" data-e-type=\"column\">\n\t\t\t<div class=\"elementor-widget-wrap elementor-element-populated\">\n\t\t\t\t\t\t<div class=\"elementor-element elementor-element-43370318 elementor-absolute elementor-widget elementor-widget-int-parallax-image\" data-id=\"43370318\" data-element_type=\"widget\" data-e-type=\"widget\" data-settings=\"{&quot;_position&quot;:&quot;absolute&quot;}\" data-widget_type=\"int-parallax-image.default\">\n\t\t\t\t<div class=\"elementor-widget-container\">\n\t\t\t\t\t\r\n        <div class=\"parallax-image\">\r\n            <img decoding=\"async\" data-parallax='{ \"y\":-90  }' src=\"https:\/\/seargin.xpressbuddy.com\/wp-content\/uploads\/2023\/12\/srv_shape1-1.png\" alt=\"\">\r\n        <\/div>\r\n\r\n        \t\t\t\t<\/div>\n\t\t\t\t<\/div>\n\t\t\t\t<div class=\"elementor-element elementor-element-2534ed9f elementor-absolute elementor-widget elementor-widget-int-parallax-image\" data-id=\"2534ed9f\" data-element_type=\"widget\" data-e-type=\"widget\" data-settings=\"{&quot;_position&quot;:&quot;absolute&quot;}\" data-widget_type=\"int-parallax-image.default\">\n\t\t\t\t<div class=\"elementor-widget-container\">\n\t\t\t\t\t\r\n        <div class=\"parallax-image\">\r\n            <img decoding=\"async\" data-parallax='{ \"y\":90  }' src=\"https:\/\/seo-morocco.ma\/wp-content\/uploads\/2025\/05\/seo-morocco-shape.png\" alt=\"\">\r\n        <\/div>\r\n\r\n        \t\t\t\t<\/div>\n\t\t\t\t<\/div>\n\t\t\t\t\t<\/div>\n\t\t<\/div>\n\t\t\t\t\t<\/div>\n\t\t<\/section>\n\t\t\t\t<\/div>","protected":false},"excerpt":{"rendered":"","protected":false},"author":1,"featured_media":0,"parent":0,"menu_order":7,"comment_status":"closed","ping_status":"closed","template":"seargin-template.php","meta":{"inline_featured_image":false,"footnotes":""},"class_list":["post-417","page","type-page","status-publish","hentry"],"aioseo_notices":[],"_links":{"self":[{"href":"https:\/\/seo-morocco.ma\/fr\/wp-json\/wp\/v2\/pages\/417","targetHints":{"allow":["GET"]}}],"collection":[{"href":"https:\/\/seo-morocco.ma\/fr\/wp-json\/wp\/v2\/pages"}],"about":[{"href":"https:\/\/seo-morocco.ma\/fr\/wp-json\/wp\/v2\/types\/page"}],"author":[{"embeddable":true,"href":"https:\/\/seo-morocco.ma\/fr\/wp-json\/wp\/v2\/users\/1"}],"replies":[{"embeddable":true,"href":"https:\/\/seo-morocco.ma\/fr\/wp-json\/wp\/v2\/comments?post=417"}],"version-history":[{"count":97,"href":"https:\/\/seo-morocco.ma\/fr\/wp-json\/wp\/v2\/pages\/417\/revisions"}],"predecessor-version":[{"id":2762,"href":"https:\/\/seo-morocco.ma\/fr\/wp-json\/wp\/v2\/pages\/417\/revisions\/2762"}],"wp:attachment":[{"href":"https:\/\/seo-morocco.ma\/fr\/wp-json\/wp\/v2\/media?parent=417"}],"curies":[{"name":"wp","href":"https:\/\/api.w.org\/{rel}","templated":true}]}}