{"id":1906,"date":"2025-04-26T16:22:04","date_gmt":"2025-04-26T16:22:04","guid":{"rendered":"https:\/\/seo-morocco.ma\/?page_id=1906"},"modified":"2025-04-26T16:23:33","modified_gmt":"2025-04-26T16:23:33","slug":"preferences-de-donnees","status":"publish","type":"page","link":"https:\/\/seo-morocco.ma\/fr\/preferences-de-donnees\/","title":{"rendered":"Pr\u00e9f\u00e9rences des donn\u00e9es"},"content":{"rendered":"<div data-elementor-type=\"wp-page\" data-elementor-id=\"1906\" class=\"elementor elementor-1906\">\n\t\t\t\t<div class=\"elementor-element elementor-element-6fa30954 e-flex e-con-boxed e-con e-parent\" data-id=\"6fa30954\" data-element_type=\"container\" data-e-type=\"container\">\n\t\t\t\t\t<div class=\"e-con-inner\">\n\t\t\t\t<div class=\"elementor-element elementor-element-3846cc29 elementor-widget elementor-widget-text-editor\" data-id=\"3846cc29\" data-element_type=\"widget\" data-e-type=\"widget\" data-widget_type=\"text-editor.default\">\n\t\t\t\t<div class=\"elementor-widget-container\">\n\t\t\t\t\t\t\t\t\t<h2 class=\"wp-block-heading\">Pr\u00e9f\u00e9rences des donn\u00e9es<\/h2>\n<p>Cette page vous fournit des informations sur vos pr\u00e9f\u00e9rences en mati\u00e8re de donn\u00e9es et sur la mani\u00e8re dont vous pouvez g\u00e9rer les donn\u00e9es que nous collectons et traitons en lien avec vos interactions avec notre site web (seo-morocco.ma).<\/p>\n\n<h3 class=\"wp-block-heading\">Vos droits concernant vos donn\u00e9es<\/h3>\n<p>Selon votre lieu de r\u00e9sidence et les lois applicables en mati\u00e8re de protection des donn\u00e9es, vous pouvez disposer de certains droits concernant vos donn\u00e9es personnelles, notamment les suivants\u00a0:<\/p>\n<ul>\n    <li>Droit d\u2019acc\u00e8s\u00a0: Vous pouvez avoir le droit de demander une copie des donn\u00e9es personnelles que nous d\u00e9tenons vous concernant.<\/li>\n    <li>Droit de rectification\u00a0: Vous pouvez avoir le droit de demander que nous corrigions toute donn\u00e9e personnelle inexacte ou incompl\u00e8te vous concernant que nous d\u00e9tenons.<\/li>\n    <li>Le droit \u00e0 l&#039;effacement (droit \u00e0 l&#039;oubli)\u00a0: Dans certaines circonstances, vous pouvez avoir le droit de demander que nous effacions vos donn\u00e9es personnelles.<\/li>\n    <li>Droit \u00e0 la limitation du traitement\u00a0: Vous pouvez avoir le droit de demander que nous limitions le traitement de vos donn\u00e9es personnelles dans certaines situations.<\/li>\n    <li>Le droit \u00e0 la portabilit\u00e9 des donn\u00e9es\u00a0: Vous pouvez avoir le droit de recevoir les donn\u00e9es personnelles que vous nous avez fournies dans un format structur\u00e9, couramment utilis\u00e9 et lisible par machine, et de transmettre ces donn\u00e9es \u00e0 un autre responsable du traitement.<\/li>\n    <li>Droit d\u2019opposition\u00a0: Vous pouvez avoir le droit de vous opposer au traitement de vos donn\u00e9es personnelles dans certaines circonstances, notamment \u00e0 des fins de prospection commerciale.<\/li>\n    <li>Droit de retirer son consentement\u00a0: Si nous traitons vos donn\u00e9es personnelles sur la base de votre consentement, vous avez le droit de retirer ce consentement \u00e0 tout moment.<\/li>\n    <li>Droit d\u2019introduire une r\u00e9clamation aupr\u00e8s d\u2019une autorit\u00e9 de contr\u00f4le\u00a0: Vous pouvez avoir le droit d\u2019introduire une r\u00e9clamation aupr\u00e8s d\u2019une autorit\u00e9 de protection des donn\u00e9es si vous avez des inqui\u00e9tudes concernant le traitement de vos donn\u00e9es personnelles.<\/li>\n<\/ul>\n\n<h3 class=\"wp-block-heading\">Gestion de vos pr\u00e9f\u00e9rences de donn\u00e9es<\/h3>\n<p>Nous mettons \u00e0 votre disposition les m\u00e9canismes suivants pour g\u00e9rer vos pr\u00e9f\u00e9rences en mati\u00e8re de donn\u00e9es\u00a0:<\/p>\n\n<h4 class=\"wp-block-heading\">Pr\u00e9f\u00e9rences relatives aux cookies<\/h4>\n<p>Vous pouvez g\u00e9rer vos pr\u00e9f\u00e9rences relatives aux cookies et aux technologies similaires via notre page Politique relative aux cookies et notre outil de consentement aux cookies. Cet outil vous permet de choisir les cat\u00e9gories de cookies que vous autorisez ou bloquez.<\/p>\n\n<h4 class=\"wp-block-heading\">Pr\u00e9f\u00e9rences de communication<\/h4>\n<p>Si vous \u00eates abonn\u00e9 \u00e0 nos newsletters ou \u00e0 nos communications marketing, vous pouvez g\u00e9rer vos pr\u00e9f\u00e9rences d&#039;abonnement en\u00a0:<\/p>\n<ul>\n    <li>Cliquez sur le lien \u00ab\u00a0Se d\u00e9sabonner\u00a0\u00bb en bas de nos e-mails.<\/li>\n    <li>Vous pouvez nous contacter directement en utilisant les coordonn\u00e9es ci-dessous pour mettre \u00e0 jour vos pr\u00e9f\u00e9rences.<\/li>\n<\/ul>\n\n<h4 class=\"wp-block-heading\">Donn\u00e9es du compte<\/h4>\n<p>Si vous avez cr\u00e9\u00e9 un compte sur notre site web, vous pourrez peut-\u00eatre acc\u00e9der \u00e0 certaines donn\u00e9es personnelles et les mettre \u00e0 jour directement via les param\u00e8tres de votre compte.<\/p>\n\n<h4 class=\"wp-block-heading\">Demandes d&#039;acc\u00e8s, de rectification et de suppression des donn\u00e9es<\/h4>\n<p>Pour exercer vos droits d&#039;acc\u00e8s, de rectification ou d&#039;effacement de vos donn\u00e9es personnelles, veuillez nous contacter en utilisant les informations ci-dessous. Nous r\u00e9pondrons \u00e0 votre demande conform\u00e9ment \u00e0 la l\u00e9gislation applicable en mati\u00e8re de protection des donn\u00e9es.<\/p>\n\n<h3 class=\"wp-block-heading\">Nous contacter<\/h3>\n<p>Si vous avez des questions ou des demandes concernant vos pr\u00e9f\u00e9rences en mati\u00e8re de donn\u00e9es, veuillez nous contacter \u00e0 l&#039;adresse suivante\u00a0:<\/p>\n<p>Courriel\u00a0: contact@seo-morocco.ma<\/p>\n<p>T\u00e9l\u00e9phone : +212656497918<\/p>\t\t\t\t\t\t\t\t<\/div>\n\t\t\t\t<\/div>\n\t\t\t\t\t<\/div>\n\t\t\t\t<\/div>\n\t\t\t\t<\/div>","protected":false},"excerpt":{"rendered":"<p>Data Preferences This page provides you with information about your data preferences and how you can manage the data we collect and process related to your interactions with our website (seo-morocco.ma). Your Rights Regarding Your Data Depending on your location and applicable data protection laws, you may have certain rights regarding your personal data, which [&hellip;]<\/p>","protected":false},"author":1,"featured_media":0,"parent":0,"menu_order":0,"comment_status":"closed","ping_status":"closed","template":"","meta":{"inline_featured_image":false,"footnotes":""},"class_list":["post-1906","page","type-page","status-publish","hentry"],"aioseo_notices":[],"_links":{"self":[{"href":"https:\/\/seo-morocco.ma\/fr\/wp-json\/wp\/v2\/pages\/1906","targetHints":{"allow":["GET"]}}],"collection":[{"href":"https:\/\/seo-morocco.ma\/fr\/wp-json\/wp\/v2\/pages"}],"about":[{"href":"https:\/\/seo-morocco.ma\/fr\/wp-json\/wp\/v2\/types\/page"}],"author":[{"embeddable":true,"href":"https:\/\/seo-morocco.ma\/fr\/wp-json\/wp\/v2\/users\/1"}],"replies":[{"embeddable":true,"href":"https:\/\/seo-morocco.ma\/fr\/wp-json\/wp\/v2\/comments?post=1906"}],"version-history":[{"count":3,"href":"https:\/\/seo-morocco.ma\/fr\/wp-json\/wp\/v2\/pages\/1906\/revisions"}],"predecessor-version":[{"id":1909,"href":"https:\/\/seo-morocco.ma\/fr\/wp-json\/wp\/v2\/pages\/1906\/revisions\/1909"}],"wp:attachment":[{"href":"https:\/\/seo-morocco.ma\/fr\/wp-json\/wp\/v2\/media?parent=1906"}],"curies":[{"name":"wp","href":"https:\/\/api.w.org\/{rel}","templated":true}]}}