{"id":1901,"date":"2025-04-26T16:18:22","date_gmt":"2025-04-26T16:18:22","guid":{"rendered":"https:\/\/seo-morocco.ma\/?page_id=1901"},"modified":"2025-04-26T16:18:57","modified_gmt":"2025-04-26T16:18:57","slug":"politique-en-matiere-de-cookies","status":"publish","type":"page","link":"https:\/\/seo-morocco.ma\/fr\/politique-en-matiere-de-cookies\/","title":{"rendered":"Politique des cookies"},"content":{"rendered":"<div data-elementor-type=\"wp-page\" data-elementor-id=\"1901\" class=\"elementor elementor-1901\">\n\t\t\t\t<div class=\"elementor-element elementor-element-6fa30954 e-flex e-con-boxed e-con e-parent\" data-id=\"6fa30954\" data-element_type=\"container\" data-e-type=\"container\">\n\t\t\t\t\t<div class=\"e-con-inner\">\n\t\t\t\t<div class=\"elementor-element elementor-element-3846cc29 elementor-widget elementor-widget-text-editor\" data-id=\"3846cc29\" data-element_type=\"widget\" data-e-type=\"widget\" data-widget_type=\"text-editor.default\">\n\t\t\t\t<div class=\"elementor-widget-container\">\n\t\t\t\t\t\t\t\t\t<h2 class=\"wp-block-heading\">Politique des cookies<\/h2>\n<p>Cette politique relative aux cookies explique comment notre site web (seo-morocco.ma) utilise des cookies et des technologies similaires pour vous reconna\u00eetre lorsque vous visitez notre site web, pour comprendre comment vous utilisez notre site web et pour am\u00e9liorer votre exp\u00e9rience utilisateur.<\/p>\n\n<h3 class=\"wp-block-heading\">Que sont les cookies ?<\/h3>\n<p>Les cookies sont de petits fichiers texte plac\u00e9s sur votre ordinateur ou appareil mobile lorsque vous consultez un site web. Ils sont largement utilis\u00e9s pour assurer le bon fonctionnement des sites web, ou pour les rendre plus performants, ainsi que pour fournir des informations aux propri\u00e9taires du site.<\/p>\n\n<h3 class=\"wp-block-heading\">Comment nous utilisons les cookies<\/h3>\n<p>Nous pouvons utiliser des cookies \u00e0 diverses fins, notamment\u00a0:<\/p>\n<ul>\n    <li>Cookies essentiels\u00a0: Ces cookies sont n\u00e9cessaires au fonctionnement de base de notre site web, notamment pour vous permettre de naviguer entre les pages et d\u2019acc\u00e9der aux zones s\u00e9curis\u00e9es.<\/li>\n    <li>Cookies analytiques\u00a0: Ces cookies nous permettent d\u2019analyser l\u2019interaction des utilisateurs avec notre site web afin d\u2019en mesurer et d\u2019en am\u00e9liorer les performances. Ils nous aident notamment \u00e0 comprendre quelles pages sont les plus et les moins consult\u00e9es et comment les visiteurs naviguent sur le site.<\/li>\n    <li>Cookies de fonctionnalit\u00e9\u00a0: Ces cookies permettent \u00e0 notre site Web de m\u00e9moriser vos choix (comme votre pr\u00e9f\u00e9rence linguistique) et de vous offrir des fonctionnalit\u00e9s am\u00e9lior\u00e9es et plus personnalis\u00e9es.<\/li>\n    <li>Cookies de ciblage\/publicitaires\u00a0: Ces cookies peuvent \u00eatre utilis\u00e9s pour vous proposer des publicit\u00e9s plus pertinentes et adapt\u00e9es \u00e0 vos centres d\u2019int\u00e9r\u00eat. Ils peuvent \u00e9galement servir \u00e0 limiter le nombre d\u2019affichages d\u2019une m\u00eame publicit\u00e9 et \u00e0 mesurer l\u2019efficacit\u00e9 des campagnes publicitaires.<\/li>\n<\/ul>\n\n<h3 class=\"wp-block-heading\">Types de cookies que nous utilisons<\/h3>\n<p>Les types pr\u00e9cis de cookies internes et tiers utilis\u00e9s sur notre site web, ainsi que leurs finalit\u00e9s, peuvent \u00e9voluer. Pour plus d&#039;informations sur les cookies que nous utilisons, veuillez consulter l&#039;outil de consentement aux cookies disponible sur notre site web.<\/p>\n\n<h3 class=\"wp-block-heading\">Vos choix concernant les cookies<\/h3>\n<p>Vous avez le droit d&#039;accepter ou de refuser les cookies. Vous pouvez g\u00e9rer vos pr\u00e9f\u00e9rences en mati\u00e8re de cookies gr\u00e2ce \u00e0 notre outil de consentement. Cet outil vous permet de s\u00e9lectionner les cat\u00e9gories de cookies que vous autorisez ou bloquez.<\/p>\n\n<p>Vous pouvez \u00e9galement contr\u00f4ler et g\u00e9rer les cookies dans les param\u00e8tres de votre navigateur. La plupart des navigateurs Web vous permettent de g\u00e9rer les cookies via leurs pr\u00e9f\u00e9rences. Ces param\u00e8tres vous permettent g\u00e9n\u00e9ralement de\u00a0:<\/p>\n<ul>\n    <li>Consultez la liste des cookies install\u00e9s et supprimez-les individuellement.<\/li>\n    <li>Bloquer les cookies tiers.<\/li>\n    <li>Bloquer tous les cookies.<\/li>\n    <li>Supprimez tous les cookies lorsque vous fermez votre navigateur.<\/li>\n<\/ul>\n<p>Veuillez noter que si vous choisissez de d\u00e9sactiver les cookies, certaines fonctionnalit\u00e9s de notre site Web pourraient ne pas fonctionner correctement.<\/p>\n\n<h3 class=\"wp-block-heading\">Mises \u00e0 jour de la pr\u00e9sente politique relative aux cookies<\/h3>\n<p>Nous pouvons \u00eatre amen\u00e9s \u00e0 modifier la pr\u00e9sente Politique relative aux cookies afin de tenir compte de l&#039;\u00e9volution de la situation juridique, technique ou commerciale. En cas de modification, nous prendrons les mesures appropri\u00e9es pour vous en informer, en fonction de l&#039;importance des changements apport\u00e9s. La date de la derni\u00e8re mise \u00e0 jour figurera en haut de cette Politique relative aux cookies.<\/p>\n\n<h3 class=\"wp-block-heading\">Nous contacter<\/h3>\n<p>Si vous avez des questions concernant notre utilisation des cookies, veuillez nous contacter \u00e0 l&#039;adresse suivante\u00a0:<\/p>\n<p>Courriel\u00a0: contact@seo-morocco.ma<\/p>\n<p>T\u00e9l\u00e9phone : +212656497918<\/p>\t\t\t\t\t\t\t\t<\/div>\n\t\t\t\t<\/div>\n\t\t\t\t\t<\/div>\n\t\t\t\t<\/div>\n\t\t\t\t<\/div>","protected":false},"excerpt":{"rendered":"<p>Cookie Policy This Cookie Policy explains how our website (seo-morocco.ma) uses cookies and similar technologies to recognize you when you visit our website, to understand how you use our website, and to improve your user experience. What are Cookies? Cookies are small text files that are placed on your computer or mobile device when you [&hellip;]<\/p>","protected":false},"author":1,"featured_media":0,"parent":0,"menu_order":0,"comment_status":"closed","ping_status":"closed","template":"","meta":{"inline_featured_image":false,"footnotes":""},"class_list":["post-1901","page","type-page","status-publish","hentry"],"aioseo_notices":[],"_links":{"self":[{"href":"https:\/\/seo-morocco.ma\/fr\/wp-json\/wp\/v2\/pages\/1901","targetHints":{"allow":["GET"]}}],"collection":[{"href":"https:\/\/seo-morocco.ma\/fr\/wp-json\/wp\/v2\/pages"}],"about":[{"href":"https:\/\/seo-morocco.ma\/fr\/wp-json\/wp\/v2\/types\/page"}],"author":[{"embeddable":true,"href":"https:\/\/seo-morocco.ma\/fr\/wp-json\/wp\/v2\/users\/1"}],"replies":[{"embeddable":true,"href":"https:\/\/seo-morocco.ma\/fr\/wp-json\/wp\/v2\/comments?post=1901"}],"version-history":[{"count":3,"href":"https:\/\/seo-morocco.ma\/fr\/wp-json\/wp\/v2\/pages\/1901\/revisions"}],"predecessor-version":[{"id":1904,"href":"https:\/\/seo-morocco.ma\/fr\/wp-json\/wp\/v2\/pages\/1901\/revisions\/1904"}],"wp:attachment":[{"href":"https:\/\/seo-morocco.ma\/fr\/wp-json\/wp\/v2\/media?parent=1901"}],"curies":[{"name":"wp","href":"https:\/\/api.w.org\/{rel}","templated":true}]}}