{"id":1894,"date":"2025-04-26T15:59:00","date_gmt":"2025-04-26T15:59:00","guid":{"rendered":"https:\/\/seo-morocco.ma\/?page_id=1894"},"modified":"2025-04-26T16:02:24","modified_gmt":"2025-04-26T16:02:24","slug":"conditions-generales","status":"publish","type":"page","link":"https:\/\/seo-morocco.ma\/fr\/conditions-generales\/","title":{"rendered":"Conditions g\u00e9n\u00e9rales"},"content":{"rendered":"<div data-elementor-type=\"wp-page\" data-elementor-id=\"1894\" class=\"elementor elementor-1894\">\n\t\t\t\t<div class=\"elementor-element elementor-element-6fa30954 e-flex e-con-boxed e-con e-parent\" data-id=\"6fa30954\" data-element_type=\"container\" data-e-type=\"container\">\n\t\t\t\t\t<div class=\"e-con-inner\">\n\t\t\t\t<div class=\"elementor-element elementor-element-3846cc29 elementor-widget elementor-widget-text-editor\" data-id=\"3846cc29\" data-element_type=\"widget\" data-e-type=\"widget\" data-widget_type=\"text-editor.default\">\n\t\t\t\t<div class=\"elementor-widget-container\">\n\t\t\t\t\t\t\t\t\t<h2 class=\"wp-block-heading\">Conditions g\u00e9n\u00e9rales<\/h2>\n<p>Bienvenue sur seo-morocco.ma. En acc\u00e9dant \u00e0 notre site web et \u00e0 nos services ou en les utilisant, vous acceptez d&#039;\u00eatre li\u00e9 par les pr\u00e9sentes Conditions g\u00e9n\u00e9rales (\u00ab\u00a0Conditions\u00a0\u00bb). Veuillez les lire attentivement.<\/p>\n<h2 class=\"wp-block-heading\">1. Informations commerciales de base<\/h2>\n<p>Nom de l&#039;entreprise : SEO Maroc<\/p>\n<p>Adresse : 3\u00e8me \u00e9tage Appt n\u00b0 49 (Saada 1-49), Tanger 90000, Maroc<\/p>\n<p>Courriel\u00a0: contact@seo-morocco.ma<\/p>\n<p>T\u00e9l\u00e9phone : +212656497918<\/p>\n<p>Site web : seo-morocco.ma<\/p>\n<h2 class=\"wp-block-heading\">2. Services fournis<\/h2>\n<p>SEO Morocco propose les services d&#039;optimisation pour les moteurs de recherche suivants\u00a0:<\/p>\n<ul><li>Audits SEO<\/li><li>Optimisation sur la page<\/li><li>Optimisation hors la page<\/li><li>Strat\u00e9gie de contenu<\/li><li>SEO local<\/li><li>SEO technique<\/li><li>Signalement<\/li><li>Consultant<\/li><\/ul>\n<p>Nous proposons diff\u00e9rentes formules de services, notamment Fondation, Croissance et Domination, chacune con\u00e7ue pour r\u00e9pondre \u00e0 des besoins sp\u00e9cifiques des entreprises. Les d\u00e9tails de chaque formule sont pr\u00e9cis\u00e9s dans nos contrats de service.<\/p>\n<p>Veuillez noter qu&#039;en raison du fonctionnement des algorithmes des moteurs de recherche, les r\u00e9sultats en r\u00e9f\u00e9rencement naturel ne sont pas garantis. Nous nous effor\u00e7ons de mettre en \u0153uvre les meilleures pratiques et des strat\u00e9gies bas\u00e9es sur les donn\u00e9es afin d&#039;obtenir des r\u00e9sultats optimaux.<\/p>\n<p>Les clients recevront des rapports et un acc\u00e8s aux donn\u00e9es de performance conform\u00e9ment \u00e0 leurs contrats de service sp\u00e9cifiques, g\u00e9n\u00e9ralement par courriel ou via une m\u00e9thode de rapport d\u00e9sign\u00e9e.<\/p>\n<h2 class=\"wp-block-heading\">3. Obligations et conduite de l&#039;utilisateur<\/h2>\n<p>En utilisant notre site web et nos services, vous acceptez\u00a0:<\/p>\n<ul><li>Fournir des informations exactes et compl\u00e8tes sur demande.<\/li><li>Utilisez notre site web et nos services d&#039;une mani\u00e8re qui ne viole aucune loi ni r\u00e9glementation applicable.<\/li><li>Veuillez vous abstenir de toute activit\u00e9 susceptible de perturber ou d&#039;entraver le fonctionnement de notre site web ou de nos services.<\/li><li>Respectez les droits de propri\u00e9t\u00e9 intellectuelle de SEO Morocco.<\/li><\/ul>\n<p>Il est interdit aux utilisateurs d&#039;utiliser notre site web ou nos services \u00e0 des fins ill\u00e9gales ou non autoris\u00e9es.<\/p>\n<p>Actuellement, notre site web ne prend pas en charge le contenu g\u00e9n\u00e9r\u00e9 par les utilisateurs.<\/p>\n<h2 class=\"wp-block-heading\">4. Modalit\u00e9s de paiement<\/h2>\n<p>Notre facturation des services est g\u00e9n\u00e9ralement bas\u00e9e sur des abonnements mensuels ou des honoraires par projet, comme convenu dans nos contrats de service.<\/p>\n<p>Les modes de paiement accept\u00e9s comprennent le virement bancaire et \u00e9ventuellement d&#039;autres plateformes de paiement en ligne, comme indiqu\u00e9 sur la facture.<\/p>\n<p>Tous les paiements sont dus selon l&#039;\u00e9ch\u00e9ancier pr\u00e9vu dans le contrat de service individuel, qui peut comprendre des paiements initiaux ou des paiements mensuels anticip\u00e9s.<\/p>\n<p>En cas de retard de paiement, SEO Morocco se r\u00e9serve le droit de suspendre ses services jusqu&#039;au r\u00e8glement du solde impay\u00e9.<\/p>\n<p>Notre politique de remboursement et d&#039;annulation est d\u00e9taill\u00e9e dans nos contrats de service individuels. Veuillez vous r\u00e9f\u00e9rer \u00e0 votre contrat pour conna\u00eetre ces conditions.<\/p>\n<p>Tous les prix de nos services s&#039;entendent hors TVA, qui sera ajout\u00e9e \u00e0 la facture le cas \u00e9ch\u00e9ant.<\/p>\n<h2 class=\"wp-block-heading\">5. Propri\u00e9t\u00e9 intellectuelle<\/h2>\n<p>L&#039;ensemble du contenu de notre site web, y compris les logos, textes, images et logiciels, est la propri\u00e9t\u00e9 intellectuelle de SEO Morocco et est prot\u00e9g\u00e9 par les lois applicables en mati\u00e8re de droit d&#039;auteur et autres droits de propri\u00e9t\u00e9 intellectuelle. Les utilisateurs b\u00e9n\u00e9ficient d&#039;une licence limit\u00e9e leur permettant de consulter ce contenu \u00e0 des fins d&#039;information uniquement.<\/p>\n<p>Une fois le paiement int\u00e9gral des services rendus effectu\u00e9, les clients acqui\u00e8rent g\u00e9n\u00e9ralement les droits de propri\u00e9t\u00e9 intellectuelle sur les livrables sp\u00e9cifiques cr\u00e9\u00e9s pour eux (par exemple, le contenu optimis\u00e9 du site web), conform\u00e9ment \u00e0 leur contrat de service. SEO Morocco conserve les droits sur ses m\u00e9thodologies, ses outils et ses strat\u00e9gies SEO g\u00e9n\u00e9rales.<\/p>\n<h2 class=\"wp-block-heading\">6. Limitation de responsabilit\u00e9<\/h2>\n<p>Dans toute la mesure permise par la loi applicable, SEO Morocco ne sera pas responsable des dommages indirects, accessoires, sp\u00e9ciaux, cons\u00e9cutifs ou punitifs, ni des pertes de profits ou de revenus, qu&#039;ils soient subis directement ou indirectement, d\u00e9coulant de votre utilisation de notre site Web ou de nos services.<\/p>\n<p>Notre responsabilit\u00e9 totale envers vous pour toute r\u00e9clamation d\u00e9coulant des pr\u00e9sentes Conditions ou de nos services sera limit\u00e9e au montant que vous nous avez vers\u00e9 pour les services au cours des douze (12) mois pr\u00e9c\u00e9dant l&#039;\u00e9v\u00e9nement donnant lieu \u00e0 la responsabilit\u00e9.<\/p>\n<h2 class=\"wp-block-heading\">7. Exclusion de garanties<\/h2>\n<p>Notre site web et nos services sont fournis \u00ab\u00a0en l\u2019\u00e9tat\u00a0\u00bb et \u00ab\u00a0selon leur disponibilit\u00e9\u00a0\u00bb, sans aucune garantie d\u2019aucune sorte, expresse ou implicite, notamment quant \u00e0 leur qualit\u00e9 marchande, leur ad\u00e9quation \u00e0 un usage particulier ou l\u2019absence de contrefa\u00e7on. Nous ne garantissons pas que nos services atteindront un positionnement sp\u00e9cifique dans les moteurs de recherche ni aucun r\u00e9sultat particulier.<\/p>\n<h2 class=\"wp-block-heading\">8. Clause de r\u00e9siliation<\/h2>\n<p>Nous pouvons r\u00e9silier votre acc\u00e8s \u00e0 notre site web ou \u00e0 nos services \u00e0 tout moment, sans motif ni pr\u00e9avis, ce qui peut entra\u00eener la perte et la destruction de toutes les informations associ\u00e9es \u00e0 votre compte.<\/p>\n<p>Les clients peuvent r\u00e9silier leur contrat de service avec SEO Morocco conform\u00e9ment aux modalit\u00e9s pr\u00e9vues dans leur contrat. G\u00e9n\u00e9ralement, une notification \u00e9crite est requise dans un d\u00e9lai d\u00e9termin\u00e9.<\/p>\n<p>En cas de r\u00e9siliation, les clients restent redevables du paiement de tous les services rendus jusqu&#039;\u00e0 la date de r\u00e9siliation. L&#039;acc\u00e8s \u00e0 certains outils ou rapports peut \u00eatre interrompu suite \u00e0 la r\u00e9siliation, conform\u00e9ment aux conditions g\u00e9n\u00e9rales de service.<\/p>\n<h2 class=\"wp-block-heading\">9. Droit applicable et juridiction<\/h2>\n<p>Les pr\u00e9sentes conditions g\u00e9n\u00e9rales sont r\u00e9gies par le droit marocain et interpr\u00e9t\u00e9es conform\u00e9ment \u00e0 celui-ci. Tout litige relatif aux pr\u00e9sentes conditions g\u00e9n\u00e9rales ou \u00e0 nos services sera soumis \u00e0 la comp\u00e9tence exclusive des tribunaux marocains.<\/p>\n<h2 class=\"wp-block-heading\">10. Modifications des conditions g\u00e9n\u00e9rales<\/h2>\n<p>SEO Morocco se r\u00e9serve le droit de modifier ou de r\u00e9viser les pr\u00e9sentes Conditions g\u00e9n\u00e9rales \u00e0 tout moment. Nous informerons les utilisateurs de toute modification importante en publiant les Conditions g\u00e9n\u00e9rales mises \u00e0 jour sur notre site web. Les modifications entreront en vigueur imm\u00e9diatement apr\u00e8s leur publication.<\/p>\n<h2 class=\"wp-block-heading\">11. Coordonn\u00e9es<\/h2>\n<p>Si vous avez des questions ou des inqui\u00e9tudes concernant ces conditions g\u00e9n\u00e9rales, veuillez nous contacter \u00e0 l&#039;adresse suivante\u00a0:<\/p>\n<p>Courriel\u00a0: contact@seo-morocco.ma<\/p>\n<p>T\u00e9l\u00e9phone : +212656497918<\/p>\t\t\t\t\t\t\t\t<\/div>\n\t\t\t\t<\/div>\n\t\t\t\t\t<\/div>\n\t\t\t\t<\/div>\n\t\t\t\t<\/div>","protected":false},"excerpt":{"rendered":"<p>Terms &amp; Conditions Welcome to seo-morocco.ma. By accessing or using our website and services, you agree to be bound by these Terms &amp; Conditions (\u201cTerms\u201d). Please read them carefully. 1. Basic Business Information Business Name: SEO Morocco Address: 3\u00e8me \u00e9tage Appt no\u00b0 49 (Saada 1-49), Tangier 90000, Morocco Email: contact@seo-morocco.ma Phone: +212656497918 Website: seo-morocco.ma 2. [&hellip;]<\/p>","protected":false},"author":1,"featured_media":0,"parent":0,"menu_order":0,"comment_status":"closed","ping_status":"closed","template":"","meta":{"inline_featured_image":false,"footnotes":""},"class_list":["post-1894","page","type-page","status-publish","hentry"],"aioseo_notices":[],"_links":{"self":[{"href":"https:\/\/seo-morocco.ma\/fr\/wp-json\/wp\/v2\/pages\/1894","targetHints":{"allow":["GET"]}}],"collection":[{"href":"https:\/\/seo-morocco.ma\/fr\/wp-json\/wp\/v2\/pages"}],"about":[{"href":"https:\/\/seo-morocco.ma\/fr\/wp-json\/wp\/v2\/types\/page"}],"author":[{"embeddable":true,"href":"https:\/\/seo-morocco.ma\/fr\/wp-json\/wp\/v2\/users\/1"}],"replies":[{"embeddable":true,"href":"https:\/\/seo-morocco.ma\/fr\/wp-json\/wp\/v2\/comments?post=1894"}],"version-history":[{"count":4,"href":"https:\/\/seo-morocco.ma\/fr\/wp-json\/wp\/v2\/pages\/1894\/revisions"}],"predecessor-version":[{"id":1899,"href":"https:\/\/seo-morocco.ma\/fr\/wp-json\/wp\/v2\/pages\/1894\/revisions\/1899"}],"wp:attachment":[{"href":"https:\/\/seo-morocco.ma\/fr\/wp-json\/wp\/v2\/media?parent=1894"}],"curies":[{"name":"wp","href":"https:\/\/api.w.org\/{rel}","templated":true}]}}