{"id":1419,"date":"2023-11-25T17:09:27","date_gmt":"2023-11-25T17:09:27","guid":{"rendered":"https:\/\/seargin.xpressbuddy.com\/?page_id=15"},"modified":"2025-07-31T00:28:29","modified_gmt":"2025-07-31T00:28:29","slug":"contact","status":"publish","type":"page","link":"https:\/\/seo-morocco.ma\/fr\/contact\/","title":{"rendered":"Contact"},"content":{"rendered":"<div data-elementor-type=\"wp-page\" data-elementor-id=\"1419\" class=\"elementor elementor-1419\">\n\t\t\t\t<div class=\"elementor-element elementor-element-3779660 mr-noise-bg e-flex e-con-boxed e-con e-parent\" data-id=\"3779660\" data-element_type=\"container\" data-e-type=\"container\" data-settings=\"{&quot;background_background&quot;:&quot;classic&quot;}\">\n\t\t\t\t\t<div class=\"e-con-inner\">\n\t\t\t\t<div class=\"elementor-element elementor-element-8dc6231 elementor-invisible elementor-widget elementor-widget-heading\" data-id=\"8dc6231\" data-element_type=\"widget\" data-e-type=\"widget\" data-settings=\"{&quot;_animation&quot;:&quot;fadeIn&quot;}\" data-widget_type=\"heading.default\">\n\t\t\t\t<div class=\"elementor-widget-container\">\n\t\t\t\t\t<h1 class=\"elementor-heading-title elementor-size-default\">Connectez-vous avec la principale agence SEO au Maroc<\/h1>\t\t\t\t<\/div>\n\t\t\t\t<\/div>\n\t\t\t\t<div class=\"elementor-element elementor-element-1e8f1ff elementor-invisible elementor-widget elementor-widget-text-editor\" data-id=\"1e8f1ff\" data-element_type=\"widget\" data-e-type=\"widget\" data-settings=\"{&quot;_animation&quot;:&quot;fadeIn&quot;}\" data-widget_type=\"text-editor.default\">\n\t\t\t\t<div class=\"elementor-widget-container\">\n\t\t\t\t\t\t\t\t\t<p>Discutons de vos objectifs SEO au Maroc. Chez SEO Maroc, nous nous engageons \u00e0 comprendre vos besoins sp\u00e9cifiques et \u00e0 \u00e9laborer des strat\u00e9gies efficaces pour vous aider \u00e0 r\u00e9ussir en ligne. Si vous \u00eates pr\u00eat \u00e0 propulser votre pr\u00e9sence en ligne au niveau sup\u00e9rieur, n&#039;h\u00e9sitez pas \u00e0 nous contacter.<\/p>\t\t\t\t\t\t\t\t<\/div>\n\t\t\t\t<\/div>\n\t\t\t\t\t<\/div>\n\t\t\t\t<\/div>\n\t\t\t\t<section class=\"elementor-section elementor-top-section elementor-element elementor-element-185cf9d1 mr-noise-bg elementor-section-boxed elementor-section-height-default elementor-section-height-default\" data-id=\"185cf9d1\" data-element_type=\"section\" data-e-type=\"section\" data-settings=\"{&quot;background_background&quot;:&quot;classic&quot;,&quot;animation&quot;:&quot;none&quot;}\">\n\t\t\t\t\t\t<div class=\"elementor-container elementor-column-gap-default\">\n\t\t\t\t\t<div class=\"elementor-column elementor-col-25 elementor-top-column elementor-element elementor-element-17ada1ad elementor-invisible\" data-id=\"17ada1ad\" data-element_type=\"column\" data-e-type=\"column\" data-settings=\"{&quot;animation&quot;:&quot;fadeInUp&quot;}\">\n\t\t\t<div class=\"elementor-widget-wrap elementor-element-populated\">\n\t\t\t\t\t\t<div class=\"elementor-element elementor-element-25bc544 elementor-view-stacked e-transform elementor-shape-circle elementor-position-block-start elementor-mobile-position-block-start elementor-widget elementor-widget-icon-box\" data-id=\"25bc544\" data-element_type=\"widget\" data-e-type=\"widget\" data-settings=\"{&quot;_transform_scale_effect_hover&quot;:{&quot;unit&quot;:&quot;px&quot;,&quot;size&quot;:1.05,&quot;sizes&quot;:[]},&quot;_transform_scale_effect_hover_tablet&quot;:{&quot;unit&quot;:&quot;px&quot;,&quot;size&quot;:&quot;&quot;,&quot;sizes&quot;:[]},&quot;_transform_scale_effect_hover_mobile&quot;:{&quot;unit&quot;:&quot;px&quot;,&quot;size&quot;:&quot;&quot;,&quot;sizes&quot;:[]}}\" data-widget_type=\"icon-box.default\">\n\t\t\t\t<div class=\"elementor-widget-container\">\n\t\t\t\t\t\t\t<div class=\"elementor-icon-box-wrapper\">\n\n\t\t\t\t\t\t<div class=\"elementor-icon-box-icon\">\n\t\t\t\t<a href=\"https:\/\/g.co\/kgs\/SCyiFoJ\" class=\"elementor-icon\" tabindex=\"-1\" aria-label=\"Emplacement\">\n\t\t\t\t<svg xmlns=\"http:\/\/www.w3.org\/2000\/svg\" xmlns:xlink=\"http:\/\/www.w3.org\/1999\/xlink\" id=\"Layer_1\" x=\"0px\" y=\"0px\" viewbox=\"0 0 24 32\" style=\"enable-background:new 0 0 24 32;\" xml:space=\"preserve\"><style type=\"text\/css\">\t.st0{fill:#F94629;}<\/style><path class=\"st0\" d=\"M12,0C8.8,0,5.8,1.3,3.5,3.5S0,8.8,0,12c0,8.6,11.2,19.4,11.7,19.9c0.1,0.1,0.2,0.1,0.3,0.1s0.3-0.1,0.3-0.1  C12.8,31.4,24,20.6,24,12c0-3.2-1.3-6.2-3.5-8.5S15.2,0,12,0z M12,17.5c-1.1,0-2.2-0.3-3.1-0.9c-0.9-0.6-1.6-1.5-2-2.5  c-0.4-1-0.5-2.1-0.3-3.2c0.2-1.1,0.7-2,1.5-2.8s1.7-1.3,2.8-1.5c1.1-0.2,2.2-0.1,3.2,0.3c1,0.4,1.9,1.1,2.5,2c0.6,0.9,0.9,2,0.9,3.1  c0,1.5-0.6,2.9-1.6,3.9C14.9,16.9,13.5,17.5,12,17.5z\"><\/path><\/svg>\t\t\t\t<\/a>\n\t\t\t<\/div>\n\t\t\t\n\t\t\t\t\t\t<div class=\"elementor-icon-box-content\">\n\n\t\t\t\t\t\t\t\t\t<h3 class=\"elementor-icon-box-title\">\n\t\t\t\t\t\t<a href=\"https:\/\/g.co\/kgs\/SCyiFoJ\" >\n\t\t\t\t\t\t\tEmplacement\t\t\t\t\t\t<\/a>\n\t\t\t\t\t<\/h3>\n\t\t\t\t\n\t\t\t\t\t\t\t\t\t<p class=\"elementor-icon-box-description\">\n\t\t\t\t\t\t3\u00e8me \u00e9tage, Appt n\u00b0 49 (Saada 1-49, Tanger 90000\t\t\t\t\t<\/p>\n\t\t\t\t\n\t\t\t<\/div>\n\t\t\t\n\t\t<\/div>\n\t\t\t\t\t\t<\/div>\n\t\t\t\t<\/div>\n\t\t\t\t\t<\/div>\n\t\t<\/div>\n\t\t\t\t<div class=\"elementor-column elementor-col-25 elementor-top-column elementor-element elementor-element-3b4719f9 elementor-invisible\" data-id=\"3b4719f9\" data-element_type=\"column\" data-e-type=\"column\" data-settings=\"{&quot;animation&quot;:&quot;fadeInUp&quot;}\">\n\t\t\t<div class=\"elementor-widget-wrap elementor-element-populated\">\n\t\t\t\t\t\t<div class=\"elementor-element elementor-element-c93ec4e elementor-view-stacked e-transform e-transform elementor-shape-circle elementor-position-block-start elementor-mobile-position-block-start elementor-widget elementor-widget-icon-box\" data-id=\"c93ec4e\" data-element_type=\"widget\" data-e-type=\"widget\" data-settings=\"{&quot;_transform_scale_effect_hover&quot;:{&quot;unit&quot;:&quot;px&quot;,&quot;size&quot;:1.05,&quot;sizes&quot;:[]},&quot;_transform_scale_effect&quot;:{&quot;unit&quot;:&quot;px&quot;,&quot;size&quot;:&quot;&quot;,&quot;sizes&quot;:[]},&quot;_transform_scale_effect_tablet&quot;:{&quot;unit&quot;:&quot;px&quot;,&quot;size&quot;:&quot;&quot;,&quot;sizes&quot;:[]},&quot;_transform_scale_effect_mobile&quot;:{&quot;unit&quot;:&quot;px&quot;,&quot;size&quot;:&quot;&quot;,&quot;sizes&quot;:[]},&quot;_transform_scale_effect_hover_tablet&quot;:{&quot;unit&quot;:&quot;px&quot;,&quot;size&quot;:&quot;&quot;,&quot;sizes&quot;:[]},&quot;_transform_scale_effect_hover_mobile&quot;:{&quot;unit&quot;:&quot;px&quot;,&quot;size&quot;:&quot;&quot;,&quot;sizes&quot;:[]}}\" data-widget_type=\"icon-box.default\">\n\t\t\t\t<div class=\"elementor-widget-container\">\n\t\t\t\t\t\t\t<div class=\"elementor-icon-box-wrapper\">\n\n\t\t\t\t\t\t<div class=\"elementor-icon-box-icon\">\n\t\t\t\t<a href=\"http:\/\/wa.me\/212650450050\" class=\"elementor-icon\" tabindex=\"-1\" aria-label=\"Contact\">\n\t\t\t\t<svg xmlns=\"http:\/\/www.w3.org\/2000\/svg\" xmlns:xlink=\"http:\/\/www.w3.org\/1999\/xlink\" id=\"Layer_1\" x=\"0px\" y=\"0px\" viewbox=\"0 0 29 29\" style=\"enable-background:new 0 0 29 29;\" xml:space=\"preserve\"><style type=\"text\/css\">\t.st0{fill:#F94629;}<\/style><g>\t<path class=\"st0\" d=\"M22,19.2c-0.9-0.9-2.1-0.9-3.1,0c-0.7,0.7-1.4,1.4-2.1,2.1c-0.2,0.2-0.4,0.2-0.6,0.1c-0.5-0.3-1-0.5-1.4-0.7   c-2.1-1.3-3.8-3-5.4-4.9c-0.8-0.9-1.4-1.9-1.9-3.1c-0.1-0.2-0.1-0.4,0.1-0.6c0.7-0.7,1.4-1.4,2.1-2.1c1-1,1-2.1,0-3.1   C9.2,6.3,8.6,5.8,8.1,5.2C7.5,4.6,6.9,4,6.3,3.5c-0.9-0.9-2.1-0.9-3.1,0C2.5,4.2,1.9,4.9,1.1,5.6C0.4,6.3,0.1,7.1,0,8   c-0.1,1.5,0.3,2.9,0.8,4.3c1.1,2.9,2.7,5.4,4.6,7.7c2.6,3.2,5.8,5.6,9.5,7.4c1.7,0.8,3.4,1.4,5.3,1.5c1.3,0.1,2.4-0.3,3.3-1.3   c0.6-0.7,1.3-1.3,2-2c1-1,1-2.2,0-3.1C24.4,21.5,23.2,20.3,22,19.2z\"><\/path>\t<path class=\"st0\" d=\"M20.9,14.4l2.2-0.4c-0.4-2-1.3-3.9-2.8-5.4c-1.6-1.6-3.5-2.5-5.7-2.8L14.4,8c1.7,0.2,3.2,1,4.4,2.2   C19.9,11.4,20.6,12.8,20.9,14.4z\"><\/path>\t<path class=\"st0\" d=\"M24.4,4.7C21.8,2.1,18.6,0.5,15,0l-0.3,2.2c3.1,0.4,5.9,1.8,8.1,4.1c2.1,2.1,3.5,4.8,4,7.7l2.2-0.4   C28.4,10.2,26.8,7.1,24.4,4.7z\"><\/path><\/g><\/svg>\t\t\t\t<\/a>\n\t\t\t<\/div>\n\t\t\t\n\t\t\t\t\t\t<div class=\"elementor-icon-box-content\">\n\n\t\t\t\t\t\t\t\t\t<h3 class=\"elementor-icon-box-title\">\n\t\t\t\t\t\t<a href=\"http:\/\/wa.me\/212650450050\" >\n\t\t\t\t\t\t\tContact\t\t\t\t\t\t<\/a>\n\t\t\t\t\t<\/h3>\n\t\t\t\t\n\t\t\t\t\t\t\t\t\t<p class=\"elementor-icon-box-description\">\n\t\t\t\t\t\t+212 6 50 45 00 50\t\t\t\t\t<\/p>\n\t\t\t\t\n\t\t\t<\/div>\n\t\t\t\n\t\t<\/div>\n\t\t\t\t\t\t<\/div>\n\t\t\t\t<\/div>\n\t\t\t\t\t<\/div>\n\t\t<\/div>\n\t\t\t\t<div class=\"elementor-column elementor-col-25 elementor-top-column elementor-element elementor-element-7d2c846a elementor-invisible\" data-id=\"7d2c846a\" data-element_type=\"column\" data-e-type=\"column\" data-settings=\"{&quot;animation&quot;:&quot;fadeInUp&quot;}\">\n\t\t\t<div class=\"elementor-widget-wrap elementor-element-populated\">\n\t\t\t\t\t\t<div class=\"elementor-element elementor-element-5833925d elementor-view-stacked e-transform e-transform elementor-shape-circle elementor-position-block-start elementor-mobile-position-block-start elementor-widget elementor-widget-icon-box\" data-id=\"5833925d\" data-element_type=\"widget\" data-e-type=\"widget\" data-settings=\"{&quot;_transform_scale_effect_hover&quot;:{&quot;unit&quot;:&quot;px&quot;,&quot;size&quot;:1.05,&quot;sizes&quot;:[]},&quot;_transform_scale_effect&quot;:{&quot;unit&quot;:&quot;px&quot;,&quot;size&quot;:&quot;&quot;,&quot;sizes&quot;:[]},&quot;_transform_scale_effect_tablet&quot;:{&quot;unit&quot;:&quot;px&quot;,&quot;size&quot;:&quot;&quot;,&quot;sizes&quot;:[]},&quot;_transform_scale_effect_mobile&quot;:{&quot;unit&quot;:&quot;px&quot;,&quot;size&quot;:&quot;&quot;,&quot;sizes&quot;:[]},&quot;_transform_scale_effect_hover_tablet&quot;:{&quot;unit&quot;:&quot;px&quot;,&quot;size&quot;:&quot;&quot;,&quot;sizes&quot;:[]},&quot;_transform_scale_effect_hover_mobile&quot;:{&quot;unit&quot;:&quot;px&quot;,&quot;size&quot;:&quot;&quot;,&quot;sizes&quot;:[]}}\" data-widget_type=\"icon-box.default\">\n\t\t\t\t<div class=\"elementor-widget-container\">\n\t\t\t\t\t\t\t<div class=\"elementor-icon-box-wrapper\">\n\n\t\t\t\t\t\t<div class=\"elementor-icon-box-icon\">\n\t\t\t\t<a href=\"mailto:contact@seo-morocco.ma\" class=\"elementor-icon\" tabindex=\"-1\" aria-label=\"E-mail\">\n\t\t\t\t<svg xmlns=\"http:\/\/www.w3.org\/2000\/svg\" xmlns:xlink=\"http:\/\/www.w3.org\/1999\/xlink\" id=\"Layer_1\" x=\"0px\" y=\"0px\" viewbox=\"0 0 30 24\" style=\"enable-background:new 0 0 30 24;\" xml:space=\"preserve\"><style type=\"text\/css\">\t.st0{clip-path:url(#SVGID_00000138556454753016213210000011318913123248343206_);}\t.st1{fill:#F94629;}<\/style><g>\t<defs>\t\t<rect id=\"SVGID_1_\" width=\"30\" height=\"24\"><\/rect>\t<\/defs>\t<clippath id=\"SVGID_00000085963895442357686030000013264249800859505028_\">\t\t<use xlink:href=\"#SVGID_1_\" style=\"overflow:visible;\"><\/use>\t<\/clippath>\t<g style=\"clip-path:url(#SVGID_00000085963895442357686030000013264249800859505028_);\">\t\t<path class=\"st1\" d=\"M17.5,15.5c-0.7,0.5-1.6,0.8-2.5,0.8s-1.8-0.3-2.5-0.8L0.2,7C0.1,6.9,0.1,6.9,0,6.8v14c0,1.6,1.2,2.9,2.8,2.9    h24.5c1.5,0,2.8-1.3,2.8-2.9v-14c-0.1,0.1-0.1,0.1-0.2,0.1L17.5,15.5z\"><\/path>\t\t<path class=\"st1\" d=\"M1.2,5.4L13.5,14c0.5,0.3,1,0.5,1.5,0.5c0.5,0,1.1-0.2,1.5-0.5l12.3-8.6C29.6,4.9,30,4.1,30,3.1    c0-1.6-1.2-2.9-2.8-2.9H2.8C1.2,0.2,0,1.5,0,3.1C0,4.1,0.4,4.9,1.2,5.4z\"><\/path>\t<\/g><\/g><\/svg>\t\t\t\t<\/a>\n\t\t\t<\/div>\n\t\t\t\n\t\t\t\t\t\t<div class=\"elementor-icon-box-content\">\n\n\t\t\t\t\t\t\t\t\t<h3 class=\"elementor-icon-box-title\">\n\t\t\t\t\t\t<a href=\"mailto:contact@seo-morocco.ma\" >\n\t\t\t\t\t\t\tE-mail\t\t\t\t\t\t<\/a>\n\t\t\t\t\t<\/h3>\n\t\t\t\t\n\t\t\t\t\t\t\t\t\t<p class=\"elementor-icon-box-description\">\n\t\t\t\t\t\tcontact@seo-morocco.ma\t\t\t\t\t<\/p>\n\t\t\t\t\n\t\t\t<\/div>\n\t\t\t\n\t\t<\/div>\n\t\t\t\t\t\t<\/div>\n\t\t\t\t<\/div>\n\t\t\t\t\t<\/div>\n\t\t<\/div>\n\t\t\t\t<div class=\"elementor-column elementor-col-25 elementor-top-column elementor-element elementor-element-490d574 elementor-invisible\" data-id=\"490d574\" data-element_type=\"column\" data-e-type=\"column\" data-settings=\"{&quot;animation&quot;:&quot;fadeInUp&quot;}\">\n\t\t\t<div class=\"elementor-widget-wrap elementor-element-populated\">\n\t\t\t\t\t\t<div class=\"elementor-element elementor-element-6f25e8d5 elementor-view-stacked elementor-shape-circle elementor-position-block-start elementor-mobile-position-block-start elementor-widget elementor-widget-icon-box\" data-id=\"6f25e8d5\" data-element_type=\"widget\" data-e-type=\"widget\" data-widget_type=\"icon-box.default\">\n\t\t\t\t<div class=\"elementor-widget-container\">\n\t\t\t\t\t\t\t<div class=\"elementor-icon-box-wrapper\">\n\n\t\t\t\t\t\t<div class=\"elementor-icon-box-icon\">\n\t\t\t\t<a href=\"https:\/\/seo-morocco.ma\/fr\/a-propos\/\" class=\"elementor-icon\" tabindex=\"-1\" aria-label=\"Horaires d&#039;ouverture\">\n\t\t\t\t<svg xmlns=\"http:\/\/www.w3.org\/2000\/svg\" xmlns:xlink=\"http:\/\/www.w3.org\/1999\/xlink\" id=\"Layer_1\" x=\"0px\" y=\"0px\" viewbox=\"0 0 32 32\" style=\"enable-background:new 0 0 32 32;\" xml:space=\"preserve\"><style type=\"text\/css\">\t.st0{clip-path:url(#SVGID_00000183243236912061251950000017236045241428368793_);}\t.st1{fill:#F94629;}<\/style><g>\t<defs>\t\t<rect id=\"SVGID_1_\" width=\"32\" height=\"32\"><\/rect>\t<\/defs>\t<clippath id=\"SVGID_00000145041240233284623720000011326841185809707915_\">\t\t<use xlink:href=\"#SVGID_1_\" style=\"overflow:visible;\"><\/use>\t<\/clippath>\t<g style=\"clip-path:url(#SVGID_00000145041240233284623720000011326841185809707915_);\">\t\t<path class=\"st1\" d=\"M23.6,15.1c-4.7,0-8.4,3.8-8.4,8.4s3.8,8.4,8.4,8.4s8.4-3.8,8.4-8.4S28.2,15.1,23.6,15.1z M27.3,24.5h-3.8    c-0.5,0-0.9-0.4-0.9-0.9v-3.8c0-0.5,0.4-0.9,0.9-0.9s0.9,0.4,0.9,0.9v2.8h2.8c0.5,0,0.9,0.4,0.9,0.9S27.8,24.5,27.3,24.5z\"><\/path>\t\t<path class=\"st1\" d=\"M30.1,2.9c0-0.5-0.4-0.9-0.9-0.9h-4.7v2.8c0,0.5-0.4,0.9-0.9,0.9s-0.9-0.4-0.9-0.9V1.9h-3.8v2.8    c0,0.5-0.4,0.9-0.9,0.9s-0.9-0.4-0.9-0.9V1.9h-3.8v2.8c0,0.5-0.4,0.9-0.9,0.9s-0.9-0.4-0.9-0.9V1.9H7.6v2.8c0,0.5-0.4,0.9-0.9,0.9    S5.7,5.3,5.7,4.8V1.9H0.9C0.4,1.9,0,2.3,0,2.9v4.7h30.1V2.9z\"><\/path>\t\t<path class=\"st1\" d=\"M14.1,18.8h0.2c0.3-0.7,0.7-1.3,1.2-1.9h-1.4c-0.5,0-0.9-0.4-0.9-0.9c0-0.5,0.4-0.9,0.9-0.9H16    c0.4,0,0.7,0.2,0.9,0.6c1.8-1.5,4.1-2.4,6.6-2.4h-1.9c-0.5,0-0.9-0.4-0.9-0.9s0.4-0.9,0.9-0.9h1.9c0.5,0,0.9,0.4,0.9,0.9    s-0.4,0.9-0.9,0.9c2.5,0,4.8,0.9,6.6,2.4V9.4H0v17.8c0,0.5,0.4,0.9,0.9,0.9h13.4c-0.7-1.4-1.1-3-1.1-4.7c0-1,0.2-2,0.5-3    c-0.3-0.2-0.5-0.5-0.5-0.8C13.2,19.2,13.6,18.8,14.1,18.8z M14.1,11.3H16c0.5,0,0.9,0.4,0.9,0.9s-0.4,0.9-0.9,0.9h-1.9    c-0.5,0-0.9-0.4-0.9-0.9S13.6,11.3,14.1,11.3z M8.5,24.4H6.6c-0.5,0-0.9-0.4-0.9-0.9s0.4-0.9,0.9-0.9h1.9c0.5,0,0.9,0.4,0.9,0.9    S9,24.4,8.5,24.4z M8.5,20.7H6.6c-0.5,0-0.9-0.4-0.9-0.9s0.4-0.9,0.9-0.9h1.9c0.5,0,0.9,0.4,0.9,0.9S9,20.7,8.5,20.7z M8.5,16.9    H6.6c-0.5,0-0.9-0.4-0.9-0.9c0-0.5,0.4-0.9,0.9-0.9h1.9c0.5,0,0.9,0.4,0.9,0.9C9.4,16.5,9,16.9,8.5,16.9z M8.5,13.2H6.6    c-0.5,0-0.9-0.4-0.9-0.9s0.4-0.9,0.9-0.9h1.9c0.5,0,0.9,0.4,0.9,0.9S9,13.2,8.5,13.2z\"><\/path>\t\t<path class=\"st1\" d=\"M7.6,0.9C7.6,0.4,7.2,0,6.6,0S5.7,0.4,5.7,0.9v1h1.9V0.9z\"><\/path>\t\t<path class=\"st1\" d=\"M13.2,0.9c0-0.5-0.4-0.9-0.9-0.9s-0.9,0.4-0.9,0.9v1h1.9V0.9z\"><\/path>\t\t<path class=\"st1\" d=\"M18.8,0.9c0-0.5-0.4-0.9-0.9-0.9s-0.9,0.4-0.9,0.9v1h1.9V0.9z\"><\/path>\t\t<path class=\"st1\" d=\"M24.4,0.9C24.4,0.4,24,0,23.5,0s-0.9,0.4-0.9,0.9v1h1.9V0.9z\"><\/path>\t<\/g><\/g><\/svg>\t\t\t\t<\/a>\n\t\t\t<\/div>\n\t\t\t\n\t\t\t\t\t\t<div class=\"elementor-icon-box-content\">\n\n\t\t\t\t\t\t\t\t\t<h3 class=\"elementor-icon-box-title\">\n\t\t\t\t\t\t<a href=\"https:\/\/seo-morocco.ma\/fr\/a-propos\/\" >\n\t\t\t\t\t\t\tHoraires d&#039;ouverture\t\t\t\t\t\t<\/a>\n\t\t\t\t\t<\/h3>\n\t\t\t\t\n\t\t\t\t\t\t\t\t\t<p class=\"elementor-icon-box-description\">\n\t\t\t\t\t\tLun - Ven : 9h00-20h00 <br>\nSamedi : 9h00-14h00 <br>\nDimanche : Ferm\u00e9 \t\t\t\t\t<\/p>\n\t\t\t\t\n\t\t\t<\/div>\n\t\t\t\n\t\t<\/div>\n\t\t\t\t\t\t<\/div>\n\t\t\t\t<\/div>\n\t\t\t\t\t<\/div>\n\t\t<\/div>\n\t\t\t\t\t<\/div>\n\t\t<\/section>\n\t\t\t\t<section class=\"elementor-section elementor-top-section elementor-element elementor-element-7d496ed6 elementor-section-full_width elementor-section-height-default elementor-section-height-default\" data-id=\"7d496ed6\" data-element_type=\"section\" data-e-type=\"section\" data-settings=\"{&quot;background_background&quot;:&quot;classic&quot;}\">\n\t\t\t\t\t\t<div class=\"elementor-container elementor-column-gap-no\">\n\t\t\t\t\t<div class=\"elementor-column elementor-col-100 elementor-top-column elementor-element elementor-element-54aee1e6\" data-id=\"54aee1e6\" data-element_type=\"column\" data-e-type=\"column\" data-settings=\"{&quot;background_background&quot;:&quot;classic&quot;}\">\n\t\t\t<div class=\"elementor-widget-wrap elementor-element-populated\">\n\t\t\t\t\t\t<section class=\"elementor-section elementor-inner-section elementor-element elementor-element-f545735 mr-noise-bg elementor-section-boxed elementor-section-height-default elementor-section-height-default\" data-id=\"f545735\" data-element_type=\"section\" data-e-type=\"section\" data-settings=\"{&quot;background_background&quot;:&quot;classic&quot;}\">\n\t\t\t\t\t\t<div class=\"elementor-container elementor-column-gap-default\">\n\t\t\t\t\t<div class=\"elementor-column elementor-col-100 elementor-inner-column elementor-element elementor-element-7f193017 elementor-invisible\" data-id=\"7f193017\" data-element_type=\"column\" data-e-type=\"column\" data-settings=\"{&quot;background_background&quot;:&quot;classic&quot;,&quot;animation&quot;:&quot;fadeInUp&quot;}\">\n\t\t\t<div class=\"elementor-widget-wrap elementor-element-populated\">\n\t\t\t\t\t\t<div class=\"elementor-element elementor-element-143666ca elementor-widget elementor-widget-int-sec-title\" data-id=\"143666ca\" data-element_type=\"widget\" data-e-type=\"widget\" data-widget_type=\"int-sec-title.default\">\n\t\t\t\t<div class=\"elementor-widget-container\">\n\t\t\t\t\t                <div class=\"sec-title\">\r\n                            <h5 class=\"subtitle ul_li\"><img decoding=\"async\" src=\"https:\/\/seargin.xpressbuddy.com\/wp-content\/uploads\/2023\/12\/hr_icon.png\"\r\n                                                alt=\"\"> Contactez-nous<\/h5>\r\n                            <h2 class=\"title\">Contactez-nous pour le r\u00e9f\u00e9rencement <br>Solutions et consultation<\/h2>\r\n                    <\/div>\r\n    \t\t\t\t<\/div>\n\t\t\t\t<\/div>\n\t\t\t\t<div class=\"elementor-element elementor-element-9ff8964 elementor-widget elementor-widget-int-contact-form\" data-id=\"9ff8964\" data-element_type=\"widget\" data-e-type=\"widget\" data-widget_type=\"int-contact-form.default\">\n\t\t\t\t<div class=\"elementor-widget-container\">\n\t\t\t\t\t\r\n                <div class=\"contact-from\">\r\n            \n<div class=\"wpcf7 no-js\" id=\"wpcf7-f1297-o1\" lang=\"en-US\" dir=\"ltr\" data-wpcf7-id=\"1297\">\n<div class=\"screen-reader-response\"><p role=\"status\" aria-live=\"polite\" aria-atomic=\"true\"><\/p> <ul><\/ul><\/div>\n<form action=\"\/fr\/wp-json\/wp\/v2\/pages\/1419#wpcf7-f1297-o1\" method=\"post\" class=\"wpcf7-form init\" aria-label=\"Contact form\" novalidate=\"novalidate\" data-status=\"init\" data-trp-original-action=\"\/fr\/wp-json\/wp\/v2\/pages\/1419#wpcf7-f1297-o1\">\n<fieldset class=\"hidden-fields-container\"><input type=\"hidden\" name=\"_wpcf7\" value=\"1297\" \/><input type=\"hidden\" name=\"_wpcf7_version\" value=\"6.1.1\" \/><input type=\"hidden\" name=\"_wpcf7_locale\" value=\"en_US\" \/><input type=\"hidden\" name=\"_wpcf7_unit_tag\" value=\"wpcf7-f1297-o1\" \/><input type=\"hidden\" name=\"_wpcf7_container_post\" value=\"0\" \/><input type=\"hidden\" name=\"_wpcf7_posted_data_hash\" value=\"\" \/>\n<\/fieldset>\n<div class=\"contact-from\">\n    <div class=\"row\">\n        <div class=\"col-lg-6\">\n            <div class=\"xb-item--field\">\n                <label for=\"name\">Nom*<\/label>\n                <div class=\"field-inner pos-rel\">\n                    <span class=\"icon icon-user\"><\/span>\n<span class=\"wpcf7-form-control-wrap\" data-name=\"text-917\"><input size=\"40\" maxlength=\"400\" class=\"wpcf7-form-control wpcf7-text wpcf7-validates-as-required\" id=\"name\" aria-required=\"true\" aria-invalid=\"false\" placeholder=\"Oussama Belkheir\" value=\"\" type=\"text\" name=\"text-917\" \/><\/span>\n                <\/div>\n            <\/div>\n        <\/div>\n        <div class=\"col-lg-6\">\n            <div class=\"xb-item--field\">\n                <label for=\"email\">E-mail*<\/label>\n                <div class=\"field-inner pos-rel\">\n                    <span class=\"icon icon-email\"><\/span>\n<span class=\"wpcf7-form-control-wrap\" data-name=\"email-252\"><input size=\"40\" maxlength=\"400\" class=\"wpcf7-form-control wpcf7-email wpcf7-validates-as-required wpcf7-text wpcf7-validates-as-email\" id=\"email\" aria-required=\"true\" aria-invalid=\"false\" placeholder=\"nom@agence.com\" value=\"\" type=\"email\" name=\"email-252\" \/><\/span>\n                <\/div>\n            <\/div>\n        <\/div>\n        <div class=\"col-lg-6\">\n            <div class=\"xb-item--field\">\n                <label for=\"phone\">T\u00e9l\u00e9phone *<\/label>\n                <div class=\"field-inner pos-rel\">\n                    <span class=\"icon icon-call\"><\/span>\n<span class=\"wpcf7-form-control-wrap\" data-name=\"text-912\"><input size=\"40\" maxlength=\"400\" class=\"wpcf7-form-control wpcf7-text wpcf7-validates-as-required\" id=\"phone\" aria-required=\"true\" aria-invalid=\"false\" placeholder=\"+212 6 11 22 33 44\" value=\"\" type=\"text\" name=\"text-912\" \/><\/span>\n                <\/div>\n            <\/div>\n        <\/div>\n        <div class=\"col-lg-6\">\n            <div class=\"xb-item--field\">\n                <label for=\"select\">Sujet *<\/label>\n                <div class=\"field-inner pos-rel\">\n                    <span class=\"icon icon-select\"><\/span>\n<span class=\"wpcf7-form-control-wrap\" data-name=\"menu-766\"><select class=\"wpcf7-form-control wpcf7-select wpcf7-validates-as-required nice-select\" id=\"select\" aria-required=\"true\" aria-invalid=\"false\" name=\"menu-766\"><option value=\"Select Subject\">S\u00e9lectionnez le sujet<\/option><option value=\"SEO Inquiry\">Enqu\u00eate SEO<\/option><option value=\"Website Audit\">Audit de site Web<\/option><option value=\"Pricing Request\">Demande de prix<\/option><option value=\"General Question\">Question g\u00e9n\u00e9rale<\/option><\/select><\/span>\n                <\/div>\n            <\/div>\n        <\/div>\n        <div class=\"col-12\">\n            <div class=\"xb-item--field\">\n                <label for=\"message\">Message<\/label>\n                <div class=\"field-inner pos-rel\">\n                    <span class=\"icon icon-message\"><\/span>\n<span class=\"wpcf7-form-control-wrap\" data-name=\"textarea-693\"><textarea cols=\"40\" rows=\"10\" maxlength=\"2000\" class=\"wpcf7-form-control wpcf7-textarea wpcf7-validates-as-required\" id=\"message\" aria-required=\"true\" aria-invalid=\"false\" placeholder=\"\u00c9crivez votre message...\" name=\"textarea-693\"><\/textarea><\/span>\n                <\/div>\n            <\/div>\n        <\/div>\n        <div class=\"form-button text-center\">\n            <button class=\"xb-btn\">Commencer \u00e0 grandir<\/button>\n        <\/div>\n    <\/div>\n<\/div><div class=\"wpcf7-response-output\" aria-hidden=\"true\"><\/div>\n<input type=\"hidden\" name=\"trp-form-language\" value=\"fr\"\/><\/form>\n<\/div>\n        <\/div>\r\n            \t\t\t\t<\/div>\n\t\t\t\t<\/div>\n\t\t\t\t\t<\/div>\n\t\t<\/div>\n\t\t\t\t\t<\/div>\n\t\t<\/section>\n\t\t\t\t<section class=\"elementor-section elementor-inner-section elementor-element elementor-element-69d5cb50 elementor-section-full_width elementor-section-height-default elementor-section-height-default\" data-id=\"69d5cb50\" data-element_type=\"section\" data-e-type=\"section\" data-settings=\"{&quot;background_background&quot;:&quot;classic&quot;}\">\n\t\t\t\t\t\t<div class=\"elementor-container elementor-column-gap-no\">\n\t\t\t\t\t<div class=\"elementor-column elementor-col-100 elementor-inner-column elementor-element elementor-element-299369b5\" data-id=\"299369b5\" data-element_type=\"column\" data-e-type=\"column\" data-settings=\"{&quot;background_background&quot;:&quot;classic&quot;}\">\n\t\t\t<div class=\"elementor-widget-wrap elementor-element-populated\">\n\t\t\t\t\t\t<div class=\"elementor-element elementor-element-daddb17 elementor-widget elementor-widget-google_maps\" data-id=\"daddb17\" data-element_type=\"widget\" data-e-type=\"widget\" data-widget_type=\"google_maps.default\">\n\t\t\t\t<div class=\"elementor-widget-container\">\n\t\t\t\t\t\t\t<div class=\"elementor-custom-embed\">\n\t\t\t<iframe loading=\"lazy\"\n\t\t\t\t\tsrc=\"https:\/\/maps.google.com\/maps?q=SEO%20Morocco%2C%203%C3%A8me%20%C3%A9tage%2C%20Appt%20no%C2%B0%2049%20%28Saada%201-49%2C%20Tangier%2090000&#038;t=m&#038;z=11&#038;output=embed&#038;iwloc=near\"\n\t\t\t\t\ttitle=\"SEO Maroc, 3\u00e8me \u00e9tage, Appt n\u00b0 49 (Saada 1-49, Tanger 90000\"\n\t\t\t\t\taria-label=\"SEO Maroc, 3\u00e8me \u00e9tage, Appt n\u00b0 49 (Saada 1-49, Tanger 90000\"\n\t\t\t><\/iframe>\n\t\t<\/div>\n\t\t\t\t\t\t<\/div>\n\t\t\t\t<\/div>\n\t\t\t\t\t<\/div>\n\t\t<\/div>\n\t\t\t\t\t<\/div>\n\t\t<\/section>\n\t\t\t\t\t<\/div>\n\t\t<\/div>\n\t\t\t\t\t<\/div>\n\t\t<\/section>\n\t\t\t\t<\/div>","protected":false},"excerpt":{"rendered":"<p>Connect with the Leading SEO Morocco Agency Let&#8217;s start a conversation about your SEO goals in Morocco. At SEO Morocco, we&#8217;re committed to understanding your specific needs and crafting effective strategies to help you succeed online. If you&#8217;re ready to take your online presence to the next level, we encourage you to get in touch. [&hellip;]<\/p>","protected":false},"author":1,"featured_media":0,"parent":0,"menu_order":14,"comment_status":"closed","ping_status":"closed","template":"seargin-template.php","meta":{"inline_featured_image":false,"footnotes":""},"class_list":["post-1419","page","type-page","status-publish","hentry"],"aioseo_notices":[],"_links":{"self":[{"href":"https:\/\/seo-morocco.ma\/fr\/wp-json\/wp\/v2\/pages\/1419","targetHints":{"allow":["GET"]}}],"collection":[{"href":"https:\/\/seo-morocco.ma\/fr\/wp-json\/wp\/v2\/pages"}],"about":[{"href":"https:\/\/seo-morocco.ma\/fr\/wp-json\/wp\/v2\/types\/page"}],"author":[{"embeddable":true,"href":"https:\/\/seo-morocco.ma\/fr\/wp-json\/wp\/v2\/users\/1"}],"replies":[{"embeddable":true,"href":"https:\/\/seo-morocco.ma\/fr\/wp-json\/wp\/v2\/comments?post=1419"}],"version-history":[{"count":37,"href":"https:\/\/seo-morocco.ma\/fr\/wp-json\/wp\/v2\/pages\/1419\/revisions"}],"predecessor-version":[{"id":2786,"href":"https:\/\/seo-morocco.ma\/fr\/wp-json\/wp\/v2\/pages\/1419\/revisions\/2786"}],"wp:attachment":[{"href":"https:\/\/seo-morocco.ma\/fr\/wp-json\/wp\/v2\/media?parent=1419"}],"curies":[{"name":"wp","href":"https:\/\/api.w.org\/{rel}","templated":true}]}}