{"id":1189,"date":"2023-12-14T05:48:39","date_gmt":"2023-12-14T05:48:39","guid":{"rendered":"https:\/\/seargin.xpressbuddy.com\/?page_id=1189"},"modified":"2023-12-14T05:48:39","modified_gmt":"2023-12-14T05:48:39","slug":"faq","status":"publish","type":"page","link":"https:\/\/seo-morocco.ma\/fr\/faq\/","title":{"rendered":"FAQ"},"content":{"rendered":"<div data-elementor-type=\"wp-page\" data-elementor-id=\"1189\" class=\"elementor elementor-1189\">\n\t\t\t\t\t\t<section class=\"elementor-section elementor-top-section elementor-element elementor-element-45e6517 elementor-section-boxed elementor-section-height-default elementor-section-height-default\" data-id=\"45e6517\" data-element_type=\"section\" data-e-type=\"section\">\n\t\t\t\t\t\t<div class=\"elementor-container elementor-column-gap-default\">\n\t\t\t\t\t<div class=\"elementor-column elementor-col-100 elementor-top-column elementor-element elementor-element-e06a02b\" data-id=\"e06a02b\" data-element_type=\"column\" data-e-type=\"column\">\n\t\t\t<div class=\"elementor-widget-wrap elementor-element-populated\">\n\t\t\t\t\t\t<div class=\"elementor-element elementor-element-643e6398 elementor-widget elementor-widget-int-sec-title\" data-id=\"643e6398\" data-element_type=\"widget\" data-e-type=\"widget\" data-widget_type=\"int-sec-title.default\">\n\t\t\t\t<div class=\"elementor-widget-container\">\n\t\t\t\t\t                <div class=\"sec-title\">\r\n                            <h2 class=\"title\">Questions fr\u00e9quentes <br>\nQuestions<\/h2>\r\n                    <\/div>\r\n    \t\t\t\t<\/div>\n\t\t\t\t<\/div>\n\t\t\t\t<div class=\"elementor-element elementor-element-688c8cec elementor-widget elementor-widget-int-faq\" data-id=\"688c8cec\" data-element_type=\"widget\" data-e-type=\"widget\" data-widget_type=\"int-faq.default\">\n\t\t\t\t<div class=\"elementor-widget-container\">\n\t\t\t\t\t\r\n        <ul class=\"xb-accordion accordion_box clearfix\">\r\n\r\n                            <li class=\"accordion block\">\r\n                    <div class=\"acc-btn\">\r\n                        Que fait une agence de conseil financier\u00a0?                         <span class=\"arrow\"><\/span>\r\n                    <\/div>\r\n                    <div class=\"acc_body\">\r\n                        <div class=\"content\">\r\n                            <p>Une agence de conseil financier peut vous aider \u00e0 atteindre vos objectifs financiers, \u00e0 optimiser vos investissements et \u00e0 r\u00e9duire les risques financiers. Elle peut vous apporter de nombreux avantages\u00a0:<\/p>\n                                            <ul>\n                                                <li>Expertise et conseils<\/li>\n                                                <li>Solutions personnalis\u00e9es<\/li>\n                                                <li>Maximisation de la richesse<\/li>\n                                                <li>Att\u00e9nuation des risques<\/li>\n                                            <\/ul>                              <\/div>\r\n                    <\/div>\r\n                <\/li>\r\n                            <li class=\"accordion block active-block\">\r\n                    <div class=\"acc-btn\">\r\n                        En quoi une agence de conseil financier peut-elle m&#039;\u00eatre utile\u00a0?                         <span class=\"arrow\"><\/span>\r\n                    <\/div>\r\n                    <div class=\"acc_body current\">\r\n                        <div class=\"content\">\r\n                            <p>Une agence de conseil financier peut vous aider \u00e0 atteindre vos objectifs financiers, \u00e0 optimiser vos investissements et \u00e0 r\u00e9duire les risques financiers. Elle peut vous apporter de nombreux avantages\u00a0:<\/p>\n                                            <ul>\n                                                <li>Expertise et conseils<\/li>\n                                                <li>Solutions personnalis\u00e9es<\/li>\n                                                <li>Maximisation de la richesse<\/li>\n                                                <li>Att\u00e9nuation des risques<\/li>\n                                            <\/ul>                              <\/div>\r\n                    <\/div>\r\n                <\/li>\r\n                            <li class=\"accordion block\">\r\n                    <div class=\"acc-btn\">\r\n                        Comment choisir le cabinet de conseil financier le mieux adapt\u00e9 \u00e0 mes besoins ?                         <span class=\"arrow\"><\/span>\r\n                    <\/div>\r\n                    <div class=\"acc_body\">\r\n                        <div class=\"content\">\r\n                            <p>Une agence de conseil financier peut vous aider \u00e0 atteindre vos objectifs financiers, \u00e0 optimiser vos investissements et \u00e0 r\u00e9duire les risques financiers. Elle peut vous apporter de nombreux avantages\u00a0:<\/p>\n                                            <ul>\n                                                <li>Expertise et conseils<\/li>\n                                                <li>Solutions personnalis\u00e9es<\/li>\n                                                <li>Maximisation de la richesse<\/li>\n                                                <li>Att\u00e9nuation des risques<\/li>\n                                            <\/ul>                              <\/div>\r\n                    <\/div>\r\n                <\/li>\r\n                            <li class=\"accordion block\">\r\n                    <div class=\"acc-btn\">\r\n                        Quels services propose g\u00e9n\u00e9ralement une agence de conseil financier\u00a0?                         <span class=\"arrow\"><\/span>\r\n                    <\/div>\r\n                    <div class=\"acc_body\">\r\n                        <div class=\"content\">\r\n                            <p>Une agence de conseil financier peut vous aider \u00e0 atteindre vos objectifs financiers, \u00e0 optimiser vos investissements et \u00e0 r\u00e9duire les risques financiers. Elle peut vous apporter de nombreux avantages\u00a0:<\/p>\n                                            <ul>\n                                                <li>Expertise et conseils<\/li>\n                                                <li>Solutions personnalis\u00e9es<\/li>\n                                                <li>Maximisation de la richesse<\/li>\n                                                <li>Att\u00e9nuation des risques<\/li>\n                                            <\/ul>                              <\/div>\r\n                    <\/div>\r\n                <\/li>\r\n                            <li class=\"accordion block\">\r\n                    <div class=\"acc-btn\">\r\n                        Les services de conseillers financiers sont-ils chers\u00a0?                         <span class=\"arrow\"><\/span>\r\n                    <\/div>\r\n                    <div class=\"acc_body\">\r\n                        <div class=\"content\">\r\n                            <p>Une agence de conseil financier peut vous aider \u00e0 atteindre vos objectifs financiers, \u00e0 optimiser vos investissements et \u00e0 r\u00e9duire les risques financiers. Elle peut vous apporter de nombreux avantages\u00a0:<\/p>\n                                            <ul>\n                                                <li>Expertise et conseils<\/li>\n                                                <li>Solutions personnalis\u00e9es<\/li>\n                                                <li>Maximisation de la richesse<\/li>\n                                                <li>Att\u00e9nuation des risques<\/li>\n                                            <\/ul>                              <\/div>\r\n                    <\/div>\r\n                <\/li>\r\n                            <li class=\"accordion block\">\r\n                    <div class=\"acc-btn\">\r\n                        \u00c0 quelle fr\u00e9quence dois-je rencontrer mon conseiller financier\u00a0?                         <span class=\"arrow\"><\/span>\r\n                    <\/div>\r\n                    <div class=\"acc_body\">\r\n                        <div class=\"content\">\r\n                            <p>Une agence de conseil financier peut vous aider \u00e0 atteindre vos objectifs financiers, \u00e0 optimiser vos investissements et \u00e0 r\u00e9duire les risques financiers. Elle peut vous apporter de nombreux avantages\u00a0:<\/p>\n                                            <ul>\n                                                <li>Expertise et conseils<\/li>\n                                                <li>Solutions personnalis\u00e9es<\/li>\n                                                <li>Maximisation de la richesse<\/li>\n                                                <li>Att\u00e9nuation des risques<\/li>\n                                            <\/ul>                              <\/div>\r\n                    <\/div>\r\n                <\/li>\r\n                    <\/ul>\r\n\r\n        \t\t\t\t<\/div>\n\t\t\t\t<\/div>\n\t\t\t\t\t<\/div>\n\t\t<\/div>\n\t\t\t\t\t<\/div>\n\t\t<\/section>\n\t\t\t\t<\/div>","protected":false},"excerpt":{"rendered":"<p>Frequently Asked Questinons What does a financial consultant agency do? A financial consultant agency can help you achieve your financial goals, maximize your investments, reduce financial risks, A financial consultant agency can benefit you in several ways: Expertise and Guidance Customized Solutions Wealth Maximization Risk Mitigation How can a financial consultant agency benefit me? A [&hellip;]<\/p>","protected":false},"author":1,"featured_media":0,"parent":0,"menu_order":0,"comment_status":"closed","ping_status":"closed","template":"seargin-template.php","meta":{"inline_featured_image":false,"footnotes":""},"class_list":["post-1189","page","type-page","status-publish","hentry"],"aioseo_notices":[],"_links":{"self":[{"href":"https:\/\/seo-morocco.ma\/fr\/wp-json\/wp\/v2\/pages\/1189","targetHints":{"allow":["GET"]}}],"collection":[{"href":"https:\/\/seo-morocco.ma\/fr\/wp-json\/wp\/v2\/pages"}],"about":[{"href":"https:\/\/seo-morocco.ma\/fr\/wp-json\/wp\/v2\/types\/page"}],"author":[{"embeddable":true,"href":"https:\/\/seo-morocco.ma\/fr\/wp-json\/wp\/v2\/users\/1"}],"replies":[{"embeddable":true,"href":"https:\/\/seo-morocco.ma\/fr\/wp-json\/wp\/v2\/comments?post=1189"}],"version-history":[{"count":0,"href":"https:\/\/seo-morocco.ma\/fr\/wp-json\/wp\/v2\/pages\/1189\/revisions"}],"wp:attachment":[{"href":"https:\/\/seo-morocco.ma\/fr\/wp-json\/wp\/v2\/media?parent=1189"}],"curies":[{"name":"wp","href":"https:\/\/api.w.org\/{rel}","templated":true}]}}